{"id":3630,"date":"2024-11-11T16:39:24","date_gmt":"2024-11-11T15:39:24","guid":{"rendered":"https:\/\/virnalingerie.pl\/?post_type=product&#038;p=3630"},"modified":"2024-12-12T19:49:55","modified_gmt":"2024-12-12T18:49:55","slug":"szlafrok-czarny-dlugi","status":"publish","type":"product","link":"https:\/\/virnalingerie.pl\/fr\/sklep\/szlafrok-czarny-dlugi\/","title":{"rendered":"Robe de chambre longue noire"},"content":{"rendered":"<p>\u00c9l\u00e9gante robe de chambre en soie \u00e0 manches longues avec encolure en V<br \/>\nTissu de soie Armani, agr\u00e9able \u00e0 la peau, confortable et respirant.<br \/>\nComposition - 97% polyester, 3% \u00e9lastine ;<\/p>\n<p>Lors de la commande, vous pouvez choisir votre taille et \u00e9crire dans les commentaires<br \/>\nlongueur, selon vos besoins, couleur, avec ou sans plumes sur les manches.<br \/>\nLe mod\u00e8le mesure 160 cm et porte la taille M.<\/p>","protected":false},"excerpt":{"rendered":"<p>Elegancki Szlafrok jedwabny z d\u0142ugim r\u0119kawem i dekoltem w kszta\u0142cie litery V Tkanina jedwab Armani, jest przyjazny dla sk\u00f3ry, wygodny i oddychaj\u0105cy. Sk\u0142ad &#8211; 97% poliester, 3% elastyna; Przy zam\u00f3wieniu mo\u017cesz wybra\u0107 rozmiar i w uwagach napisa\u0107 d\u0142ugo\u015b\u0107, jaku potrzebujesz, kolor, z pi\u00f3rami na r\u0119kawach albo bez. Modelka ma 160 cm wzrostu i ma na [&hellip;]<\/p>\n","protected":false},"featured_media":3595,"template":"","meta":{"_acf_changed":false,"inline_featured_image":false,"site-sidebar-layout":"default","site-content-layout":"","ast-site-content-layout":"default","site-content-style":"default","site-sidebar-style":"default","ast-global-header-display":"","ast-banner-title-visibility":"","ast-main-header-display":"","ast-hfb-above-header-display":"","ast-hfb-below-header-display":"","ast-hfb-mobile-header-display":"","site-post-title":"","ast-breadcrumbs-content":"","ast-featured-img":"","footer-sml-layout":"","ast-disable-related-posts":"","theme-transparent-header-meta":"default","adv-header-id-meta":"","stick-header-meta":"","header-above-stick-meta":"","header-main-stick-meta":"","header-below-stick-meta":"","astra-migrate-meta-layouts":"set","ast-page-background-enabled":"default","ast-page-background-meta":{"desktop":{"background-color":"var(--ast-global-color-4)","background-image":"","background-repeat":"repeat","background-position":"center center","background-size":"auto","background-attachment":"scroll","background-type":"","background-media":"","overlay-type":"","overlay-color":"","overlay-opacity":"","overlay-gradient":""},"tablet":{"background-color":"","background-image":"","background-repeat":"repeat","background-position":"center center","background-size":"auto","background-attachment":"scroll","background-type":"","background-media":"","overlay-type":"","overlay-color":"","overlay-opacity":"","overlay-gradient":""},"mobile":{"background-color":"","background-image":"","background-repeat":"repeat","background-position":"center center","background-size":"auto","background-attachment":"scroll","background-type":"","background-media":"","overlay-type":"","overlay-color":"","overlay-opacity":"","overlay-gradient":""}},"ast-content-background-meta":{"desktop":{"background-color":"var(--ast-global-color-5)","background-image":"","background-repeat":"repeat","background-position":"center center","background-size":"auto","background-attachment":"scroll","background-type":"","background-media":"","overlay-type":"","overlay-color":"","overlay-opacity":"","overlay-gradient":""},"tablet":{"background-color":"var(--ast-global-color-5)","background-image":"","background-repeat":"repeat","background-position":"center center","background-size":"auto","background-attachment":"scroll","background-type":"","background-media":"","overlay-type":"","overlay-color":"","overlay-opacity":"","overlay-gradient":""},"mobile":{"background-color":"var(--ast-global-color-5)","background-image":"","background-repeat":"repeat","background-position":"center center","background-size":"auto","background-attachment":"scroll","background-type":"","background-media":"","overlay-type":"","overlay-color":"","overlay-opacity":"","overlay-gradient":""}}},"product_brand":[],"product_cat":[15],"product_tag":[],"class_list":{"0":"post-3630","1":"product","2":"type-product","3":"status-publish","4":"has-post-thumbnail","6":"product_cat-kolekcja-domowa","7":"pa_kolor-czarny","8":"desktop-align-left","9":"tablet-align-left","10":"mobile-align-left","11":"wcpa_has_options","13":"first","14":"instock","15":"shipping-taxable","16":"purchasable","17":"product-type-simple"},"acf":[],"wcpa_form_fields":{"wcpaData":{"product":{"product_price":260,"price_html":"<span class=\"woocommerce-Price-amount amount\"><bdi>260,00&nbsp;<span class=\"woocommerce-Price-currencySymbol\">&#122;&#322;<\/span><\/bdi><\/span>","original_product_price":260,"price_including_tax":260,"price_excluding_tax":260,"product_id":{"parent":3630,"variation":false},"is_variable":false,"stock_status":"instock","stock_quantity":null,"parent_sku":"","product_attributes":{"pa_kolor":{"is_variation":false,"values":["czarny"]}},"custom_fields":[],"is_taxable":false},"fields":{"sec_6673220c78863c":{"extra":{"key":"sec_6673220c78863c","section_id":"sec_6673220c78863c","name":"Default","status":1,"cl_rule":"show","enableCl":false,"relations":[],"toggle":true,"title_tag":"h3","show_title":false,"showPrice":"default","form_id":3628,"form_rules":{"exclude_from_discount":false,"fee_label":"Op\u0142ata","disp_hide_options_price":false,"disp_show_section_price":false,"disp_show_field_price":true,"layout_option":"standard","pric_use_as_fee":false,"process_fee_as":"woo_fee"},"layout_option":"standard"},"fields":[[{"active":true,"col":6,"relations":false,"cl_rule":"show","enableCl":false,"price":"","enablePrice":false,"className":"","label_position":"default","desc_position":"default","type":"content","required":false,"elementId":"content_4196589163","label":"","name":"content_4196589163","contentType":"rich","value":"<p>&nbsp;Je\u017celi twojego rozmiaru niema na li\u015bcie, nasza krawcowa wykona bielizn\u0119 na podstawie konkretnie podanych wymiar\u00f3w.&nbsp;<\/p>","error":false,"gt_translate_keys":["label","value"],"price_dependency":false,"cl_dependency":false}],[{"active":true,"col":6,"relations":false,"cl_rule":"show","enableCl":false,"price":"","enablePrice":false,"className":"","label_position":"default","desc_position":"default","type":"select","required":false,"elementId":"select_4274989220","label":"Rozmiar","name":"select_4274989220","values":[{"label":"XS","value":"XS","selected":false,"tempId":"aco_253","gt_translate_keys":["label"]},{"label":"S","value":"S","selected":false,"tempId":"aco_254","gt_translate_keys":["label"]},{"label":"M","value":"M","selected":false,"tempId":"aco_255","gt_translate_keys":["label"]},{"label":"L","value":"L","selected":false,"tempId":"aco_319","gt_translate_keys":["label"]},{"label":"XL","value":"XL","selected":false,"tempId":"aco_347","gt_translate_keys":["label"]},{"label":"2XL","value":"2XL","selected":false,"tempId":"aco_375","gt_translate_keys":["label"]}],"dropdown_type":"basic","error":false,"gt_translate_keys":["label"],"price_dependency":false,"cl_dependency":false,"value":""}],[{"active":true,"col":6,"relations":false,"cl_rule":"show","enableCl":false,"price":"","enablePrice":false,"className":"","label_position":"default","desc_position":"default","type":"content","required":false,"elementId":"content_4508527394","label":"","name":"content_4508527394","contentType":"rich","value":"<p>Aby wykona\u0107 dla ciebie najlepiej dopasowan\u0105 bielizn\u0119, podaj poni\u017cej konkretne wymiary <a href=\"https:\/\/virnalingerie.pl\/tabela-rozmiarow\/\">wed\u0142ug naszej instrukcji.<\/a> &nbsp;<\/p>","error":false,"gt_translate_keys":["label","value"],"price_dependency":false,"cl_dependency":false}],[{"active":true,"col":3,"relations":false,"cl_rule":"show","enableCl":false,"price":"","enablePrice":false,"className":"","label_position":"default","desc_position":"default","type":"number","required":false,"elementId":"number_4871810503","label":"Obw\u00f3d talii","name":"number_4871810503","value":"","error":false,"gt_translate_keys":["label","value"],"price_dependency":false,"cl_dependency":false},{"label":"Obw\u00f3d bioder","active":true,"required":false,"elementId":"number-4956310592","value":"","name":"number-4956310592","label_position":"default","desc_position":"default","enablePrice":false,"className":"","enableCl":false,"relations":false,"price":"","cl_rule":"show","col":3,"type":"number","error":false,"gt_translate_keys":["label","value"],"price_dependency":false,"cl_dependency":false}]]}},"config":{"price_override":"","enable_recaptcha":false,"bind_quantity":false,"quantity_bind_formula":"","disp_summ_show_option_price":true,"disp_summ_show_product_price":true,"disp_summ_show_total_price":true,"disp_summ_show_fee":false,"disp_summ_show_discount":false,"summary_title":"","options_total_label":"Cena opcji","total_label":"\u0141\u0105cznie","options_product_label":"Cena produktu","fee_label":"Op\u0142ata","discount_label":"Zni\u017cka","has_price":true,"has_quantity_formula":false},"mc_unit":1,"tax_rate":1,"tax_rate_real":1,"discount":{"percentage":0,"fixed":0},"design":{"conf":{"LabelPosition":"above","DescPosition":"above","UploadField":"custom_1","QuantityFieldStyle":"default"},"css":{"LeftLabelWidth":"120px"}},"formulas":[],"clones":false,"cartKey":false}},"_links":{"self":[{"href":"https:\/\/virnalingerie.pl\/fr\/wp-json\/wp\/v2\/product\/3630","targetHints":{"allow":["GET"]}}],"collection":[{"href":"https:\/\/virnalingerie.pl\/fr\/wp-json\/wp\/v2\/product"}],"about":[{"href":"https:\/\/virnalingerie.pl\/fr\/wp-json\/wp\/v2\/types\/product"}],"wp:featuredmedia":[{"embeddable":true,"href":"https:\/\/virnalingerie.pl\/fr\/wp-json\/wp\/v2\/media\/3595"}],"wp:attachment":[{"href":"https:\/\/virnalingerie.pl\/fr\/wp-json\/wp\/v2\/media?parent=3630"}],"wp:term":[{"taxonomy":"product_brand","embeddable":true,"href":"https:\/\/virnalingerie.pl\/fr\/wp-json\/wp\/v2\/product_brand?post=3630"},{"taxonomy":"product_cat","embeddable":true,"href":"https:\/\/virnalingerie.pl\/fr\/wp-json\/wp\/v2\/product_cat?post=3630"},{"taxonomy":"product_tag","embeddable":true,"href":"https:\/\/virnalingerie.pl\/fr\/wp-json\/wp\/v2\/product_tag?post=3630"}],"curies":[{"name":"wp","href":"https:\/\/api.w.org\/{rel}","templated":true}]}}