{"id":132,"date":"2023-11-29T17:43:43","date_gmt":"2023-11-29T16:43:43","guid":{"rendered":"https:\/\/virnalingerie.pl\/?page_id=132"},"modified":"2026-01-08T20:08:34","modified_gmt":"2026-01-08T19:08:34","slug":"dostawa-i-platnosci","status":"publish","type":"page","link":"https:\/\/virnalingerie.pl\/fr\/dostawa-i-platnosci\/","title":{"rendered":"Livraison et paiement"},"content":{"rendered":"<p>Prix et mode de paiement<\/p>\n\n\n\n<ol class=\"wp-block-list\">\n<li>Tous les prix des marchandises dans la boutique en ligne sont indiqu\u00e9s en zloty polonais (PLN) et incluent toutes les taxes telles que la TVA et les droits de douane.<\/li>\n\n\n\n<li>Le client a la possibilit\u00e9 de payer le prix de son choix :\n<ol class=\"wp-block-list\">\n<li>via le service\u00a0<strong>Przelewy24<\/strong>\u00a0via\u00a0<strong>PayPro Sp\u00f3\u0142ka Akcyjna, dont le si\u00e8ge social se trouve \u00e0 Pozna\u0144, ul. Pastelowa 8, 60-198 Pozna\u0144.<\/strong>\u00a0au moyen de :\n<ol class=\"wp-block-list\">\n<li>virement bancaire \u00e9lectronique (en ligne) ;<\/li>\n\n\n\n<li>avec un code BLIK<\/li>\n<\/ol>\n<\/li>\n<\/ol>\n<\/li>\n\n\n\n<li>La boutique en ligne se r\u00e9serve le droit de modifier en permanence les prix des marchandises pr\u00e9sent\u00e9es dans la boutique en ligne et le montant des frais de livraison des marchandises \u00e0 l'adresse indiqu\u00e9e par le client. Toutefois, chaque modification des listes de prix ne s'applique pas aux clients qui ont pass\u00e9 des commandes avant l'introduction des modifications des listes de prix.<\/li>\n<\/ol>\n\n\n\n<p>Livraison<\/p>\n\n\n\n<ol class=\"wp-block-list\">\n<li>La livraison est effectu\u00e9e par l'interm\u00e9diaire du prestataire de services InPost, DPD, Poczta Polska, Orlen Paczka, selon le mode de livraison choisi par le client.<\/li>\n\n\n\n<li>Le prix de la livraison du produit au client est payable.<\/li>\n\n\n\n<li>Le d\u00e9lai de livraison pr\u00e9vu pour les marchandises est de<strong>\u00a02 jours ouvrables<\/strong>La date d'exp\u00e9dition de l'envoi par le vendeur.<\/li>\n\n\n\n<li>Le Vendeur recommande au Client de v\u00e9rifier le contenu du colis lors de sa r\u00e9ception par le transporteur. Si le colis porte des traces d'endommagement, de destruction, de froissement, de tache, le Vendeur recommande d'\u00e9tablir un protocole d'endommagement du colis (ou de son contenu).<\/li>\n<\/ol>","protected":false},"excerpt":{"rendered":"<p>Cena i spos\u00f3b zap\u0142aty Dostawa<\/p>","protected":false},"author":1,"featured_media":0,"parent":0,"menu_order":0,"comment_status":"closed","ping_status":"closed","template":"","meta":{"_acf_changed":false,"inline_featured_image":false,"site-sidebar-layout":"default","site-content-layout":"","ast-site-content-layout":"default","site-content-style":"default","site-sidebar-style":"default","ast-global-header-display":"","ast-banner-title-visibility":"","ast-main-header-display":"","ast-hfb-above-header-display":"","ast-hfb-below-header-display":"","ast-hfb-mobile-header-display":"","site-post-title":"","ast-breadcrumbs-content":"","ast-featured-img":"","footer-sml-layout":"","ast-disable-related-posts":"","theme-transparent-header-meta":"","adv-header-id-meta":"","stick-header-meta":"","header-above-stick-meta":"","header-main-stick-meta":"","header-below-stick-meta":"","astra-migrate-meta-layouts":"default","ast-page-background-enabled":"default","ast-page-background-meta":{"desktop":{"background-color":"var(--ast-global-color-4)","background-image":"","background-repeat":"repeat","background-position":"center center","background-size":"auto","background-attachment":"scroll","background-type":"","background-media":"","overlay-type":"","overlay-color":"","overlay-opacity":"","overlay-gradient":""},"tablet":{"background-color":"","background-image":"","background-repeat":"repeat","background-position":"center center","background-size":"auto","background-attachment":"scroll","background-type":"","background-media":"","overlay-type":"","overlay-color":"","overlay-opacity":"","overlay-gradient":""},"mobile":{"background-color":"","background-image":"","background-repeat":"repeat","background-position":"center center","background-size":"auto","background-attachment":"scroll","background-type":"","background-media":"","overlay-type":"","overlay-color":"","overlay-opacity":"","overlay-gradient":""}},"ast-content-background-meta":{"desktop":{"background-color":"var(--ast-global-color-5)","background-image":"","background-repeat":"repeat","background-position":"center center","background-size":"auto","background-attachment":"scroll","background-type":"","background-media":"","overlay-type":"","overlay-color":"","overlay-opacity":"","overlay-gradient":""},"tablet":{"background-color":"var(--ast-global-color-5)","background-image":"","background-repeat":"repeat","background-position":"center center","background-size":"auto","background-attachment":"scroll","background-type":"","background-media":"","overlay-type":"","overlay-color":"","overlay-opacity":"","overlay-gradient":""},"mobile":{"background-color":"var(--ast-global-color-5)","background-image":"","background-repeat":"repeat","background-position":"center center","background-size":"auto","background-attachment":"scroll","background-type":"","background-media":"","overlay-type":"","overlay-color":"","overlay-opacity":"","overlay-gradient":""}},"footnotes":""},"class_list":["post-132","page","type-page","status-publish","hentry"],"acf":[],"_links":{"self":[{"href":"https:\/\/virnalingerie.pl\/fr\/wp-json\/wp\/v2\/pages\/132","targetHints":{"allow":["GET"]}}],"collection":[{"href":"https:\/\/virnalingerie.pl\/fr\/wp-json\/wp\/v2\/pages"}],"about":[{"href":"https:\/\/virnalingerie.pl\/fr\/wp-json\/wp\/v2\/types\/page"}],"author":[{"embeddable":true,"href":"https:\/\/virnalingerie.pl\/fr\/wp-json\/wp\/v2\/users\/1"}],"replies":[{"embeddable":true,"href":"https:\/\/virnalingerie.pl\/fr\/wp-json\/wp\/v2\/comments?post=132"}],"version-history":[{"count":0,"href":"https:\/\/virnalingerie.pl\/fr\/wp-json\/wp\/v2\/pages\/132\/revisions"}],"wp:attachment":[{"href":"https:\/\/virnalingerie.pl\/fr\/wp-json\/wp\/v2\/media?parent=132"}],"curies":[{"name":"wp","href":"https:\/\/api.w.org\/{rel}","templated":true}]}}