{"id":112,"date":"2023-11-29T14:07:20","date_gmt":"2023-11-29T14:07:20","guid":{"rendered":"https:\/\/virnalingerie.pl\/?page_id=112"},"modified":"2026-01-08T20:08:34","modified_gmt":"2026-01-08T19:08:34","slug":"glowna","status":"publish","type":"page","link":"https:\/\/virnalingerie.pl\/fr\/glowna\/","title":{"rendered":"Principal"},"content":{"rendered":"\n<div class=\"wp-block-cover alignfull\" style=\"min-height:588px;aspect-ratio:unset;\"><span aria-hidden=\"true\" class=\"wp-block-cover__background has-background-dim-90 has-background-dim wp-block-cover__gradient-background has-background-gradient\" style=\"background:linear-gradient(0deg,rgb(0,0,0) 0%,rgba(129,105,151,0) 99%)\"><\/span><img loading=\"lazy\" decoding=\"async\" width=\"1920\" height=\"2560\" class=\"wp-block-cover__image-background wp-image-3514\" alt=\"\" src=\"https:\/\/virnalingerie.pl\/wp-content\/uploads\/2024\/11\/482F8B71-DC34-4733-AAC2-783F29B6DA33-scaled.jpeg\" data-object-fit=\"cover\" srcset=\"https:\/\/virnalingerie.pl\/wp-content\/uploads\/2024\/11\/482F8B71-DC34-4733-AAC2-783F29B6DA33-scaled.jpeg 1920w, https:\/\/virnalingerie.pl\/wp-content\/uploads\/2024\/11\/482F8B71-DC34-4733-AAC2-783F29B6DA33-225x300.jpeg 225w, https:\/\/virnalingerie.pl\/wp-content\/uploads\/2024\/11\/482F8B71-DC34-4733-AAC2-783F29B6DA33-768x1024.jpeg 768w, https:\/\/virnalingerie.pl\/wp-content\/uploads\/2024\/11\/482F8B71-DC34-4733-AAC2-783F29B6DA33-1152x1536.jpeg 1152w, https:\/\/virnalingerie.pl\/wp-content\/uploads\/2024\/11\/482F8B71-DC34-4733-AAC2-783F29B6DA33-1536x2048.jpeg 1536w, https:\/\/virnalingerie.pl\/wp-content\/uploads\/2024\/11\/482F8B71-DC34-4733-AAC2-783F29B6DA33-9x12.jpeg 9w, https:\/\/virnalingerie.pl\/wp-content\/uploads\/2024\/11\/482F8B71-DC34-4733-AAC2-783F29B6DA33-300x400.jpeg 300w, https:\/\/virnalingerie.pl\/wp-content\/uploads\/2024\/11\/482F8B71-DC34-4733-AAC2-783F29B6DA33-600x800.jpeg 600w\" sizes=\"auto, (max-width: 1920px) 100vw, 1920px\" \/><div class=\"wp-block-cover__inner-container is-layout-flow wp-block-cover-is-layout-flow\">\n<div style=\"height:100px\" aria-hidden=\"true\" class=\"wp-block-spacer\"><\/div>\n\n\n\n<div class=\"wp-block-columns are-vertically-aligned-center is-layout-flex wp-container-core-columns-is-layout-28f84493 wp-block-columns-is-layout-flex\">\n<div class=\"wp-block-column is-vertically-aligned-center is-layout-flow wp-block-column-is-layout-flow\" style=\"flex-basis:100%\">\n<h2 class=\"wp-block-heading has-text-align-left animated fadeIn slower delay-500ms o-typing-delay-1s\" style=\"font-size:58px;font-style:normal;font-weight:300;line-height:0.9\">&nbsp;B\u0105d\u017a wierna sobie,<br>        wybieraj bielizn\u0119 sercem <\/h2>\n\n\n\n<p class=\"animated fadeIn slower delay-500ms\" style=\"font-size:18px;font-style:normal;font-weight:200\">Virna to marka, kt\u00f3ra przedefiniowuje poj\u0119cie zmys\u0142owej bielizny, podkre\u015blaj\u0105c Twoj\u0105 naturaln\u0105 pi\u0119kno\u015b\u0107 w ka\u017cdym detalu. Kolekcje tej marki s\u0105 pe\u0142ne subtelnych detali, koronek i delikatnych tkanin, kt\u00f3re kochaj\u0105 Twoje cia\u0142o. Virna nie tylko oferuje bielizn\u0119, ale r\u00f3wnie\u017c do\u015bwiadczenie, w kt\u00f3rym ka\u017cda kobieta mo\u017ce poczu\u0107 si\u0119 pewnie i uwodzicielsko<\/p>\n<\/div>\n<\/div>\n\n\n\n<div style=\"height:100px\" aria-hidden=\"true\" class=\"wp-block-spacer\"><\/div>\n<\/div><\/div>\n\n\n\n<div style=\"height:45px\" aria-hidden=\"true\" class=\"wp-block-spacer\"><\/div>\n\n\n\n<h2 class=\"wp-block-heading has-text-align-center o-typing-delay-200ms animated fadeIn slower has-large-font-size\">Poznaj nasz asortyment<\/h2>\n\n\n\n<div class=\"wp-block-columns is-not-stacked-on-mobile wrap_collection is-layout-flex wp-container-core-columns-is-layout-0a23cf0c wp-block-columns-is-layout-flex\" style=\"padding-top:var(--wp--preset--spacing--30);padding-right:0;padding-bottom:var(--wp--preset--spacing--30);padding-left:0\">\n<div class=\"wp-block-column is-layout-flow wp-block-column-is-layout-flow\">\n<div class=\"wp-block-cover is-light cover_absolute\" style=\"padding-top:0;padding-right:0;padding-bottom:0;padding-left:0\"><span aria-hidden=\"true\" class=\"wp-block-cover__background has-background-dim\" style=\"background-color:#b39f96\"><\/span><img loading=\"lazy\" decoding=\"async\" width=\"2048\" height=\"2560\" class=\"wp-block-cover__image-background wp-image-2710\" alt=\"\" src=\"https:\/\/virnalingerie.pl\/wp-content\/uploads\/2023\/12\/Facetune_02-02-2024-16-38-25-1-scaled.jpeg\" data-object-fit=\"cover\" srcset=\"https:\/\/virnalingerie.pl\/wp-content\/uploads\/2023\/12\/Facetune_02-02-2024-16-38-25-1-scaled.jpeg 2048w, https:\/\/virnalingerie.pl\/wp-content\/uploads\/2023\/12\/Facetune_02-02-2024-16-38-25-1-240x300.jpeg 240w, https:\/\/virnalingerie.pl\/wp-content\/uploads\/2023\/12\/Facetune_02-02-2024-16-38-25-1-819x1024.jpeg 819w, https:\/\/virnalingerie.pl\/wp-content\/uploads\/2023\/12\/Facetune_02-02-2024-16-38-25-1-768x960.jpeg 768w, https:\/\/virnalingerie.pl\/wp-content\/uploads\/2023\/12\/Facetune_02-02-2024-16-38-25-1-1229x1536.jpeg 1229w, https:\/\/virnalingerie.pl\/wp-content\/uploads\/2023\/12\/Facetune_02-02-2024-16-38-25-1-1638x2048.jpeg 1638w, https:\/\/virnalingerie.pl\/wp-content\/uploads\/2023\/12\/Facetune_02-02-2024-16-38-25-1-10x12.jpeg 10w, https:\/\/virnalingerie.pl\/wp-content\/uploads\/2023\/12\/Facetune_02-02-2024-16-38-25-1-300x375.jpeg 300w, https:\/\/virnalingerie.pl\/wp-content\/uploads\/2023\/12\/Facetune_02-02-2024-16-38-25-1-600x750.jpeg 600w\" sizes=\"auto, (max-width: 2048px) 100vw, 2048px\" \/><div class=\"wp-block-cover__inner-container is-layout-constrained wp-container-core-cover-is-layout-c06d165c wp-block-cover-is-layout-constrained\">\n<a class=\"wrap_link_card\" href=\"https:\/\/virnalingerie.pl\/kategoria-produktu\/majtki\/\"><div class=\"wrap_div_card\"><p class=\" wrap_txt_card has-text-align-center hoverbiger kategorie has-ast-global-color-4-color has-text-color has-link-color wp-elements-c28bc47aad674a67e49d16df09d5c7f9\">MAJTKI<\/p><\/div><\/a>\n<\/div><\/div>\n<\/div>\n\n\n\n<div class=\"wp-block-column is-layout-flow wp-block-column-is-layout-flow\">\n<div class=\"wp-block-cover cover_absolute\"><span aria-hidden=\"true\" class=\"wp-block-cover__background has-background-dim\" style=\"background-color:#967564\"><\/span><img loading=\"lazy\" decoding=\"async\" width=\"2048\" height=\"2560\" class=\"wp-block-cover__image-background wp-image-2414\" alt=\"\" src=\"https:\/\/virnalingerie.pl\/wp-content\/uploads\/2023\/12\/039768F4-F5F5-4DB9-9BA2-FFDD266E9814-scaled.jpeg\" data-object-fit=\"cover\" srcset=\"https:\/\/virnalingerie.pl\/wp-content\/uploads\/2023\/12\/039768F4-F5F5-4DB9-9BA2-FFDD266E9814-scaled.jpeg 2048w, https:\/\/virnalingerie.pl\/wp-content\/uploads\/2023\/12\/039768F4-F5F5-4DB9-9BA2-FFDD266E9814-240x300.jpeg 240w, https:\/\/virnalingerie.pl\/wp-content\/uploads\/2023\/12\/039768F4-F5F5-4DB9-9BA2-FFDD266E9814-819x1024.jpeg 819w, https:\/\/virnalingerie.pl\/wp-content\/uploads\/2023\/12\/039768F4-F5F5-4DB9-9BA2-FFDD266E9814-768x960.jpeg 768w, https:\/\/virnalingerie.pl\/wp-content\/uploads\/2023\/12\/039768F4-F5F5-4DB9-9BA2-FFDD266E9814-1229x1536.jpeg 1229w, https:\/\/virnalingerie.pl\/wp-content\/uploads\/2023\/12\/039768F4-F5F5-4DB9-9BA2-FFDD266E9814-1638x2048.jpeg 1638w, https:\/\/virnalingerie.pl\/wp-content\/uploads\/2023\/12\/039768F4-F5F5-4DB9-9BA2-FFDD266E9814-300x375.jpeg 300w, https:\/\/virnalingerie.pl\/wp-content\/uploads\/2023\/12\/039768F4-F5F5-4DB9-9BA2-FFDD266E9814-600x750.jpeg 600w\" sizes=\"auto, (max-width: 2048px) 100vw, 2048px\" \/><div class=\"wp-block-cover__inner-container is-layout-constrained wp-block-cover-is-layout-constrained\">\n<a class=\"wrap_link_card\" href=\"https:\/\/virnalingerie.pl\/kategoria-produktu\/zestawy\/biustonosz-majtki\/\"><div class=\"wrap_div_card\"><p class=\" wrap_txt_card has-text-align-center hoverbiger kategorie has-ast-global-color-4-color has-text-color has-link-color wp-elements-c28bc47aad674a67e49d16df09d5c7f9\">ZESTAWY<\/p><\/div><\/a>\n<\/div><\/div>\n<\/div>\n\n\n\n<div class=\"wp-block-column is-layout-flow wp-block-column-is-layout-flow\">\n<div class=\"wp-block-cover is-light cover_absolute\"><span aria-hidden=\"true\" class=\"wp-block-cover__background has-background-dim\" style=\"background-color:#8b7867\"><\/span><img loading=\"lazy\" decoding=\"async\" width=\"1920\" height=\"2560\" class=\"wp-block-cover__image-background wp-image-3534\" alt=\"\" src=\"https:\/\/virnalingerie.pl\/wp-content\/uploads\/2024\/11\/8827F533-F6B9-407A-B234-70B8D71D97ED-scaled.jpeg\" data-object-fit=\"cover\" srcset=\"https:\/\/virnalingerie.pl\/wp-content\/uploads\/2024\/11\/8827F533-F6B9-407A-B234-70B8D71D97ED-scaled.jpeg 1920w, https:\/\/virnalingerie.pl\/wp-content\/uploads\/2024\/11\/8827F533-F6B9-407A-B234-70B8D71D97ED-225x300.jpeg 225w, https:\/\/virnalingerie.pl\/wp-content\/uploads\/2024\/11\/8827F533-F6B9-407A-B234-70B8D71D97ED-768x1024.jpeg 768w, https:\/\/virnalingerie.pl\/wp-content\/uploads\/2024\/11\/8827F533-F6B9-407A-B234-70B8D71D97ED-1152x1536.jpeg 1152w, https:\/\/virnalingerie.pl\/wp-content\/uploads\/2024\/11\/8827F533-F6B9-407A-B234-70B8D71D97ED-1536x2048.jpeg 1536w, https:\/\/virnalingerie.pl\/wp-content\/uploads\/2024\/11\/8827F533-F6B9-407A-B234-70B8D71D97ED-9x12.jpeg 9w, https:\/\/virnalingerie.pl\/wp-content\/uploads\/2024\/11\/8827F533-F6B9-407A-B234-70B8D71D97ED-300x400.jpeg 300w, https:\/\/virnalingerie.pl\/wp-content\/uploads\/2024\/11\/8827F533-F6B9-407A-B234-70B8D71D97ED-600x800.jpeg 600w\" sizes=\"auto, (max-width: 1920px) 100vw, 1920px\" \/><div class=\"wp-block-cover__inner-container is-layout-constrained wp-block-cover-is-layout-constrained\">\n<a class=\"wrap_link_card\" href=\"https:\/\/virnalingerie.pl\/kategoria-produktu\/akcesoria\/pasy\/\"><div class=\"wrap_div_card\"><p class=\" wrap_txt_card has-text-align-center hoverbiger kategorie has-ast-global-color-4-color has-text-color has-link-color wp-elements-c28bc47aad674a67e49d16df09d5c7f9\">PASY<\/p><\/div><\/a>\n<\/div><\/div>\n<\/div>\n\n\n\n<div class=\"wp-block-column is-layout-flow wp-block-column-is-layout-flow\">\n<div class=\"wp-block-cover is-light cover_absolute\"><span aria-hidden=\"true\" class=\"wp-block-cover__background has-background-dim\" style=\"background-color:#94989f\"><\/span><img loading=\"lazy\" decoding=\"async\" width=\"960\" height=\"1280\" class=\"wp-block-cover__image-background wp-image-3657\" alt=\"\" src=\"https:\/\/virnalingerie.pl\/wp-content\/uploads\/2024\/11\/photo_2024-11-17_13-43-37.jpg\" data-object-fit=\"cover\" srcset=\"https:\/\/virnalingerie.pl\/wp-content\/uploads\/2024\/11\/photo_2024-11-17_13-43-37.jpg 960w, https:\/\/virnalingerie.pl\/wp-content\/uploads\/2024\/11\/photo_2024-11-17_13-43-37-225x300.jpg 225w, https:\/\/virnalingerie.pl\/wp-content\/uploads\/2024\/11\/photo_2024-11-17_13-43-37-768x1024.jpg 768w, https:\/\/virnalingerie.pl\/wp-content\/uploads\/2024\/11\/photo_2024-11-17_13-43-37-9x12.jpg 9w, https:\/\/virnalingerie.pl\/wp-content\/uploads\/2024\/11\/photo_2024-11-17_13-43-37-300x400.jpg 300w, https:\/\/virnalingerie.pl\/wp-content\/uploads\/2024\/11\/photo_2024-11-17_13-43-37-600x800.jpg 600w\" sizes=\"auto, (max-width: 960px) 100vw, 960px\" \/><div class=\"wp-block-cover__inner-container is-layout-constrained wp-block-cover-is-layout-constrained\">\n<a class=\"wrap_link_card\" href=\"https:\/\/virnalingerie.pl\/kategoria-produktu\/biustonosze\/\"><div class=\"wrap_div_card\"><p class=\" wrap_txt_card has-text-align-center hoverbiger kategorie has-ast-global-color-4-color has-text-color has-link-color wp-elements-c28bc47aad674a67e49d16df09d5c7f9\">BIUSTONOSZE<\/p><\/div><\/a>\n<\/div><\/div>\n<\/div>\n<\/div>\n\n\n\n<div style=\"height:45px\" aria-hidden=\"true\" class=\"wp-block-spacer\"><\/div>\n\n\n\n<h2 class=\"wp-block-heading has-text-align-center o-typing-delay-200ms animated fadeIn slower has-large-font-size\">sprawd\u017a promocyjne produkty<\/h2>\n\n\n\n<div class=\"wp-block-columns is-layout-flex wp-container-core-columns-is-layout-ec2e7a44 wp-block-columns-is-layout-flex\" style=\"padding-top:0;padding-bottom:0\">\n<div class=\"wp-block-column is-layout-flow wp-block-column-is-layout-flow\">\n[yith_wc_productslider id=2977]\n<\/div>\n<\/div>\n\n\n\n<h2 class=\"wp-block-heading has-text-align-center o-typing-delay-200ms animated fadeIn slower has-large-font-size\">Odkryj nowo\u015bci<\/h2>\n\n\n\n<div class=\"wp-block-columns is-layout-flex wp-container-core-columns-is-layout-28f84493 wp-block-columns-is-layout-flex\">\n<div class=\"wp-block-column is-layout-flow wp-block-column-is-layout-flow\">\n[yith_wc_productslider id=3053]\n<\/div>\n<\/div>\n","protected":false},"excerpt":{"rendered":"","protected":false},"author":1,"featured_media":0,"parent":0,"menu_order":0,"comment_status":"closed","ping_status":"closed","template":"","meta":{"_acf_changed":false,"inline_featured_image":false,"site-sidebar-layout":"default","site-content-layout":"","ast-site-content-layout":"default","site-content-style":"default","site-sidebar-style":"default","ast-global-header-display":"","ast-banner-title-visibility":"","ast-main-header-display":"","ast-hfb-above-header-display":"","ast-hfb-below-header-display":"","ast-hfb-mobile-header-display":"","site-post-title":"disabled","ast-breadcrumbs-content":"","ast-featured-img":"","footer-sml-layout":"","ast-disable-related-posts":"","theme-transparent-header-meta":"","adv-header-id-meta":"","stick-header-meta":"","header-above-stick-meta":"","header-main-stick-meta":"","header-below-stick-meta":"","astra-migrate-meta-layouts":"","ast-page-background-enabled":"default","ast-page-background-meta":{"desktop":{"background-color":"var(--ast-global-color-4)","background-image":"","background-repeat":"repeat","background-position":"center center","background-size":"auto","background-attachment":"scroll","background-type":"","background-media":"","overlay-type":"","overlay-color":"","overlay-opacity":"","overlay-gradient":""},"tablet":{"background-color":"","background-image":"","background-repeat":"repeat","background-position":"center center","background-size":"auto","background-attachment":"scroll","background-type":"","background-media":"","overlay-type":"","overlay-color":"","overlay-opacity":"","overlay-gradient":""},"mobile":{"background-color":"","background-image":"","background-repeat":"repeat","background-position":"center center","background-size":"auto","background-attachment":"scroll","background-type":"","background-media":"","overlay-type":"","overlay-color":"","overlay-opacity":"","overlay-gradient":""}},"ast-content-background-meta":{"desktop":{"background-color":"var(--ast-global-color-5)","background-image":"","background-repeat":"repeat","background-position":"center center","background-size":"auto","background-attachment":"scroll","background-type":"","background-media":"","overlay-type":"","overlay-color":"","overlay-opacity":"","overlay-gradient":""},"tablet":{"background-color":"var(--ast-global-color-5)","background-image":"","background-repeat":"repeat","background-position":"center center","background-size":"auto","background-attachment":"scroll","background-type":"","background-media":"","overlay-type":"","overlay-color":"","overlay-opacity":"","overlay-gradient":""},"mobile":{"background-color":"var(--ast-global-color-5)","background-image":"","background-repeat":"repeat","background-position":"center center","background-size":"auto","background-attachment":"scroll","background-type":"","background-media":"","overlay-type":"","overlay-color":"","overlay-opacity":"","overlay-gradient":""}},"footnotes":""},"class_list":["post-112","page","type-page","status-publish","hentry"],"acf":[],"_links":{"self":[{"href":"https:\/\/virnalingerie.pl\/fr\/wp-json\/wp\/v2\/pages\/112","targetHints":{"allow":["GET"]}}],"collection":[{"href":"https:\/\/virnalingerie.pl\/fr\/wp-json\/wp\/v2\/pages"}],"about":[{"href":"https:\/\/virnalingerie.pl\/fr\/wp-json\/wp\/v2\/types\/page"}],"author":[{"embeddable":true,"href":"https:\/\/virnalingerie.pl\/fr\/wp-json\/wp\/v2\/users\/1"}],"replies":[{"embeddable":true,"href":"https:\/\/virnalingerie.pl\/fr\/wp-json\/wp\/v2\/comments?post=112"}],"version-history":[{"count":0,"href":"https:\/\/virnalingerie.pl\/fr\/wp-json\/wp\/v2\/pages\/112\/revisions"}],"wp:attachment":[{"href":"https:\/\/virnalingerie.pl\/fr\/wp-json\/wp\/v2\/media?parent=112"}],"curies":[{"name":"wp","href":"https:\/\/api.w.org\/{rel}","templated":true}]}}