{"id":10,"date":"2023-11-29T17:43:20","date_gmt":"2023-11-29T16:43:20","guid":{"rendered":"https:\/\/virnalingerie.pl\/?page_id=10"},"modified":"2026-01-08T20:08:34","modified_gmt":"2026-01-08T19:08:34","slug":"zwroty","status":"publish","type":"page","link":"https:\/\/virnalingerie.pl\/fr\/zwroty\/","title":{"rendered":"R\u00e9clamations et retours"},"content":{"rendered":"<h1 class=\"wp-block-heading\">R\u00e9clamations et retours<\/h1>\n\n\n\n<ol class=\"wp-block-list\">\n<li>Droit de r\u00e9tractation\n<ol class=\"wp-block-list\">\n<li>Le consommateur n'a pas le droit de r\u00e9silier le contrat du fait que le magasin vend des produits sur mesure dans un d\u00e9lai de 7 jours ouvrables. En raison de la nature personnalis\u00e9e de nos produits, <strong>il n'est pas possible de les restituer<\/strong>.<br>2. le consommateur conform\u00e9ment \u00e0 l'article 38 de la loi sur la consommation <strong>pas de droit de r\u00e9tractation<\/strong>:<br>(a) lorsque l'objet de la prestation est un article non pr\u00e9fabriqu\u00e9 fabriqu\u00e9 selon les sp\u00e9cifications du consommateur pour r\u00e9pondre \u00e0 ses besoins individuels ; - b) lorsque l'objet de la prestation est un article non pr\u00e9fabriqu\u00e9 fabriqu\u00e9 selon les sp\u00e9cifications du consommateur pour r\u00e9pondre \u00e0 ses besoins individuels. <strong><strong><strong>dans le cas d'un produit sur mesure.<\/strong><\/strong><\/strong><\/li>\n<\/ol>\n<\/li>\n\n\n\n<li>Plainte et garantie\n<ol class=\"wp-block-list\">\n<li>Les produits propos\u00e9s par le magasin dans le cadre du contrat de vente sont neufs et exempts de d\u00e9fauts physiques et juridiques.<\/li>\n\n\n\n<li>Le vendeur est responsable envers le consommateur des d\u00e9fauts (garantie) en vertu de l'article 556 du Code civil et suivants.<\/li>\n\n\n\n<li>Si un produit s'av\u00e8re d\u00e9fectueux et que le consommateur exerce ses droits au titre de la garantie, le consommateur, conform\u00e9ment aux dispositions du code civil, a le droit d'introduire une r\u00e9clamation dans un d\u00e9lai de 2 (deux) ans \u00e0 compter de la date de livraison du produit, dans laquelle il peut demander :\n<ol class=\"wp-block-list\">\n<li>la r\u00e9paration du produit, <strong>ou des corrections de couture en cas de mauvais ajustement.<\/strong><\/li>\n\n\n\n<li>remplacer le produit par un autre sans d\u00e9faut,<\/li>\n\n\n\n<li>r\u00e9duire le prix du produit,<\/li>\n\n\n\n<li>la r\u00e9siliation du contrat de vente.<\/li>\n<\/ol>\n<\/li>\n\n\n\n<li>Il est conseill\u00e9 d'inclure dans la plainte, entre autres, une br\u00e8ve description du d\u00e9faut, les circonstances (y compris la date) dans lesquelles il s'est produit, les coordonn\u00e9es du client qui fait la plainte, et la demande du client en rapport avec le d\u00e9faut des marchandises.<\/li>\n\n\n\n<li>Pour que le vendeur puisse traiter la r\u00e9clamation, le client doit remplir le formulaire de r\u00e9clamation disponible sur la page R\u00e9clamations et retours.<\/li>\n\n\n\n<li>Le vendeur r\u00e9pondra \u00e0 la plainte du client imm\u00e9diatement, mais au plus tard dans les 14 (quatorze) jours calendaires suivant la r\u00e9ception de la notification de la plainte, et informera le client de la suite de la proc\u00e9dure.<\/li>\n\n\n\n<li>Si la r\u00e9clamation est accept\u00e9e, le vendeur doit imm\u00e9diatement remplacer les marchandises d\u00e9fectueuses par des marchandises exemptes de d\u00e9fauts ou supprimer le d\u00e9faut.<\/li>\n\n\n\n<li>Les marchandises ainsi que le formulaire de r\u00e9clamation doivent \u00eatre renvoy\u00e9s \u00e0 l'adresse suivante : Krakow ul. Zakopia\u0144ska, nr 56, lok. 19, 30-435<\/li>\n\n\n\n<li>Le vendeur n'accepte pas les colis renvoy\u00e9s en contre-remboursement.<\/li>\n\n\n\n<li><strong>Les frais de retour sont \u00e0 la charge du client.<\/strong><\/li>\n\n\n\n<li><a href=\"https:\/\/virnalingerie.pl\/wp-content\/uploads\/2024\/01\/returnform.pdf\">Annexe 1 : T\u00e9l\u00e9charger le formulaire de plainte<\/a><\/li>\n<\/ol>\n<\/li>\n<\/ol>","protected":false},"excerpt":{"rendered":"<p>R\u00e9clamations et retours<\/p>","protected":false},"author":1,"featured_media":0,"parent":0,"menu_order":0,"comment_status":"closed","ping_status":"closed","template":"","meta":{"_acf_changed":false,"inline_featured_image":false,"site-sidebar-layout":"default","site-content-layout":"","ast-site-content-layout":"default","site-content-style":"default","site-sidebar-style":"default","ast-global-header-display":"","ast-banner-title-visibility":"","ast-main-header-display":"","ast-hfb-above-header-display":"","ast-hfb-below-header-display":"","ast-hfb-mobile-header-display":"","site-post-title":"","ast-breadcrumbs-content":"","ast-featured-img":"","footer-sml-layout":"","ast-disable-related-posts":"","theme-transparent-header-meta":"","adv-header-id-meta":"","stick-header-meta":"","header-above-stick-meta":"","header-main-stick-meta":"","header-below-stick-meta":"","astra-migrate-meta-layouts":"default","ast-page-background-enabled":"default","ast-page-background-meta":{"desktop":{"background-color":"var(--ast-global-color-4)","background-image":"","background-repeat":"repeat","background-position":"center center","background-size":"auto","background-attachment":"scroll","background-type":"","background-media":"","overlay-type":"","overlay-color":"","overlay-opacity":"","overlay-gradient":""},"tablet":{"background-color":"","background-image":"","background-repeat":"repeat","background-position":"center center","background-size":"auto","background-attachment":"scroll","background-type":"","background-media":"","overlay-type":"","overlay-color":"","overlay-opacity":"","overlay-gradient":""},"mobile":{"background-color":"","background-image":"","background-repeat":"repeat","background-position":"center center","background-size":"auto","background-attachment":"scroll","background-type":"","background-media":"","overlay-type":"","overlay-color":"","overlay-opacity":"","overlay-gradient":""}},"ast-content-background-meta":{"desktop":{"background-color":"var(--ast-global-color-5)","background-image":"","background-repeat":"repeat","background-position":"center center","background-size":"auto","background-attachment":"scroll","background-type":"","background-media":"","overlay-type":"","overlay-color":"","overlay-opacity":"","overlay-gradient":""},"tablet":{"background-color":"var(--ast-global-color-5)","background-image":"","background-repeat":"repeat","background-position":"center center","background-size":"auto","background-attachment":"scroll","background-type":"","background-media":"","overlay-type":"","overlay-color":"","overlay-opacity":"","overlay-gradient":""},"mobile":{"background-color":"var(--ast-global-color-5)","background-image":"","background-repeat":"repeat","background-position":"center center","background-size":"auto","background-attachment":"scroll","background-type":"","background-media":"","overlay-type":"","overlay-color":"","overlay-opacity":"","overlay-gradient":""}},"footnotes":""},"class_list":["post-10","page","type-page","status-publish","hentry"],"acf":[],"_links":{"self":[{"href":"https:\/\/virnalingerie.pl\/fr\/wp-json\/wp\/v2\/pages\/10","targetHints":{"allow":["GET"]}}],"collection":[{"href":"https:\/\/virnalingerie.pl\/fr\/wp-json\/wp\/v2\/pages"}],"about":[{"href":"https:\/\/virnalingerie.pl\/fr\/wp-json\/wp\/v2\/types\/page"}],"author":[{"embeddable":true,"href":"https:\/\/virnalingerie.pl\/fr\/wp-json\/wp\/v2\/users\/1"}],"replies":[{"embeddable":true,"href":"https:\/\/virnalingerie.pl\/fr\/wp-json\/wp\/v2\/comments?post=10"}],"version-history":[{"count":0,"href":"https:\/\/virnalingerie.pl\/fr\/wp-json\/wp\/v2\/pages\/10\/revisions"}],"wp:attachment":[{"href":"https:\/\/virnalingerie.pl\/fr\/wp-json\/wp\/v2\/media?parent=10"}],"curies":[{"name":"wp","href":"https:\/\/api.w.org\/{rel}","templated":true}]}}