{"id":4115,"date":"2025-06-18T18:21:51","date_gmt":"2025-06-18T17:21:51","guid":{"rendered":"https:\/\/virnalingerie.pl\/?page_id=4115"},"modified":"2026-01-08T20:08:34","modified_gmt":"2026-01-08T19:08:34","slug":"o-nas","status":"publish","type":"page","link":"https:\/\/virnalingerie.pl\/es\/o-nas\/","title":{"rendered":"Qui\u00e9nes somos"},"content":{"rendered":"<h1 class=\"wp-block-heading has-text-align-center title_about_as has-text-color has-background has-link-color wp-elements-9fd27db92e9c6070148ead733cd6afaa\" style=\"color:#1a1a1a;background-color:#fdf2ed;margin-top:0px;margin-bottom:0px;padding-top:16px;padding-bottom:16px;font-size:24px;line-height:1.2\">Qui\u00e9nes somos<\/h1>\n\n\n\n<div class=\"wp-block-columns our_content_wrap has-background is-layout-flex wp-container-core-columns-is-layout-b957ee67 wp-block-columns-is-layout-flex\" style=\"background-color:#fdf2ed;padding-top:0;padding-right:20px;padding-bottom:0;padding-left:20px\">\n<div class=\"wp-block-column section_text_1 is-layout-flow wp-container-core-column-is-layout-d6743c7d wp-block-column-is-layout-flow\">\n<p style=\"margin-top:0px;margin-bottom:18px;font-size:18px\"><strong>Nuestra marca de lencer\u00eda - esto es lencer\u00eda, hecha a mano a medida<\/strong><\/p>\n\n\n\n<p style=\"margin-top:0px;margin-bottom:0px;font-size:18px\">Nuestro principio rector es la confecci\u00f3n de calidad. Se trata de que te expreses y te sientas especial con lencer\u00eda de lujo para el d\u00eda a d\u00eda.<\/p>\n\n\n\n<ul style=\"margin-top:0px;margin-right:0px;margin-bottom:0px;margin-left:0px;padding-top:18px;padding-bottom:18px;padding-left:26px;font-size:18px\" class=\"wp-block-list\">\n<li>M\u00e1s de 3 a\u00f1os en el mercado polaco<\/li>\n\n\n\n<li>Tenemos 2.000 clientes satisfechos<\/li>\n\n\n\n<li>M\u00e1s de 3.000 juegos cosidos<\/li>\n\n\n\n<li>Entrega gratuita en Polonia<\/li>\n<\/ul>\n\n\n\n<p class=\"section_last_title\" style=\"margin-top:0px;font-size:18px;font-style:normal;font-weight:700\">La producci\u00f3n de la lencer\u00eda se realiza en Cracovia. \u00a1\u00a1\u00a1Cosemos por encargo para cada uno de vosotros!!!<\/p>\n<\/div>\n\n\n\n<div class=\"wp-block-column section_img is-layout-flow wp-block-column-is-layout-flow\">\n<figure class=\"wp-block-image size-large\" style=\"margin-top:0px;margin-right:56px;margin-bottom:0px;margin-left:56px\"><img decoding=\"async\" src=\"https:\/\/www.virna.miy.link\/wp-content\/uploads\/2025\/04\/O_nas-664x1024.png\" alt=\"\" class=\"wp-image-4398\"\/><\/figure>\n<\/div>\n\n\n\n<div class=\"wp-block-column section_text_2 is-layout-flow wp-block-column-is-layout-flow\">\n<p style=\"font-size:18px\">Con nosotros, puede encargar un ajuste personalizado de su ropa interior seg\u00fan sus medidas, especificando sus propios par\u00e1metros, o elegir una talla est\u00e1ndar de ropa interior de la tabla de tallas grandes. En cualquier caso, le coseremos el conjunto especialmente para usted.<br>&nbsp;<br>Si por casualidad no ha podido medir con exactitud y la talla no coincide, le coseremos el conjunto gratuitamente.<br>Cuando no conozca las medidas o tallas exactas, o simplemente no pueda elegir un modelo, elija una tarjeta regalo. Una tarjeta regalo es el obsequio perfecto para un ser querido o un amigo.<\/p>\n\n\n\n<p class=\"last_bold_text\" style=\"margin-top:0px;margin-bottom:32px;font-size:18px;font-style:normal;font-weight:700\">\u00a1Elige tu conjunto de lencer\u00eda VIRNA perfecto!<br>No esperes a un momento especial para sentirte especial.<\/p>\n<\/div>\n<\/div>\n\n\n\n<div class=\"wp-block-columns has-background is-layout-flex wp-container-core-columns-is-layout-01186894 wp-block-columns-is-layout-flex\" style=\"background-color:#40352c;padding-top:32px;padding-right:20px;padding-bottom:32px;padding-left:20px\">\n<div class=\"wp-block-column is-vertically-aligned-center is-layout-flow wp-block-column-is-layout-flow\">\n<h2 class=\"wp-block-heading has-text-align-center has-text-color has-link-color wp-elements-63f3178e03aa9a70d7a22955fd84617f\" style=\"color:#fdf2ed;margin-bottom:8px\">5% de descuento en tu primer pedido<\/h2>\n\n\n\n<p class=\"has-text-align-center has-text-color has-link-color wp-elements-cfce14cd86f650fb6ac4e3768699c4b5\" style=\"color:#fdf2ed;margin-top:0px;margin-bottom:18px;padding-top:0px;padding-right:43px;padding-bottom:0px;padding-left:43px;font-size:18px\">Sea el primero en conocer las novedades y promociones<\/p>\n\n\n<div class='fluentform ff-default fluentform_wrapper_4 ffs_default_wrap'><form data-form_id=\"4\" id=\"fluentform_4\" class=\"frm-fluent-form fluent_form_4 ff-el-form-top ff_form_instance_4_1 ff-form-loading ffs_default\" data-form_instance=\"ff_form_instance_4_1\" method=\"POST\" action=\"\" ><fieldset  style=\"border: none!important;margin: 0!important;padding: 0!important;background-color: transparent!important;box-shadow: none!important;outline: none!important; min-inline-size: 100%;\">\n                    <legend class=\"ff_screen_reader_title\" style=\"display: block; margin: 0!important;padding: 0!important;height: 0!important;text-indent: -999999px;width: 0!important;overflow:hidden;\">Suscribirse (id=\"3\")<\/legend><input type='hidden' name='__fluent_form_embded_post_id' value='4115' \/><input type=\"hidden\" id=\"_fluentform_4_fluentformnonce\" name=\"_fluentform_4_fluentformnonce\" value=\"e3a5066360\" \/><input type=\"hidden\" name=\"_wp_http_referer\" value=\"\/es\/wp-json\/wp\/v2\/pages\/4115\" \/><div data-name=\"ff_cn_id_1\"  class='ff-t-container ff-column-container ff_columns_total_2 custom_style_fluent_container'><div class='ff-t-cell ff-t-column-1' style='flex-basis: 65%;'><div class='ff-el-group block_subskribe_main'><div class='ff-el-input--content'><input type=\"email\" name=\"email\" id=\"ff_4_email\" class=\"ff-el-form-control input_form_3\" placeholder=\"Introduzca su direcci\u00f3n de correo electr\u00f3nico\" data-name=\"email\"  aria-invalid=\"false\" aria-required=\"false\"><\/div><\/div><\/div><div class='ff-t-cell ff-t-column-2' style='flex-basis: 35%;'><div class='ff-el-group ff-text-left ff_submit_btn_wrapper ff_submit_btn_wrapper_custom'><button class=\"ff-btn ff-btn-submit ff-btn-sm subscribe_btn_custom_style ff_btn_style wpf_has_custom_css\" type=\"submit\" name=\"custom_submit_button-4_1\" data-name=\"custom_submit_button-4_1\"  aria-label=\"Suscr\u00edbase a\">Suscr\u00edbase a<\/button><style>form.fluent_form_4 .wpf_has_custom_css.ff-btn-submit { background-color:rgba(26, 126, 251, 0);border-color:rgba(26, 126, 251, 0);color:#FDF2ED;min-width:auto; }form.fluent_form_4 .wpf_has_custom_css.ff-btn-submit:hover { background-color:#ffffff;min-width:auto; } <\/style><\/div><\/div><\/div><\/fieldset><input type=\"hidden\" name=\"trp-form-language\" value=\"es\"\/><\/form><div id='fluentform_4_errors' class='ff-errors-in-stack ff_form_instance_4_1 ff-form-loading_errors ff_form_instance_4_1_errors'><\/div><\/div>            <script type=\"text\/javascript\">\n                window.fluent_form_ff_form_instance_4_1 = {\"id\":\"4\",\"settings\":{\"layout\":{\"labelPlacement\":\"top\",\"helpMessagePlacement\":\"with_label\",\"errorMessagePlacement\":\"inline\",\"cssClassName\":\"\",\"asteriskPlacement\":\"asterisk-right\"},\"restrictions\":{\"denyEmptySubmission\":{\"enabled\":false}}},\"form_instance\":\"ff_form_instance_4_1\",\"form_id_selector\":\"fluentform_4\",\"rules\":{\"email\":{\"required\":{\"value\":false,\"message\":\"Este campo es obligatorio\",\"global_message\":\"This field is required\",\"global\":true},\"email\":{\"value\":true,\"message\":\"Este campo debe contener un correo electr\\u00f3nico v\\u00e1lido\",\"global_message\":\"This field must contain a valid email\",\"global\":true}}},\"debounce_time\":300};\n                            <\/script>\n            \n<\/div>\n<\/div>\n\n\n\n<div class=\"wp-block-columns is-layout-flex wp-container-core-columns-is-layout-2bee9028 wp-block-columns-is-layout-flex\" style=\"padding-top:32px;padding-right:20px;padding-bottom:92px;padding-left:20px\">\n<div class=\"wp-block-column block_contact_our is-layout-flow wp-block-column-is-layout-flow\">\n<h2 class=\"wp-block-heading has-text-color has-link-color wp-elements-1008da0e8fc892da724b795faf5f8149\" style=\"color:#1a1a1a;margin-top:0px;margin-bottom:16px\">Contactos<\/h2>\n\n\n\n<ul class=\"our_contact_list\">\n<li class=\"contact_item\">\n<span>\n<svg xmlns=\"http:\/\/www.w3.org\/2000\/svg\" width=\"40\" height=\"40\" fill=\"none\"><path fill=\"#333\" fill-rule=\"evenodd\" d=\"M8.001 16.145 8 17v6.667c0 2.828 0 4.242.879 5.121.878.879 2.293.879 5.121.879h12c2.828 0 4.243 0 5.121-.879.879-.879.879-2.293.879-5.121V17l-.001-.855L20.97 22.27a2 2 0 0 1-1.942 0L8 16.144Zm.075-2.142c.14.01.28.05.41.123L20 20.523l11.514-6.397a.998.998 0 0 1 .41-.123c-.096-.977-.312-1.634-.803-2.124C30.243 11 28.828 11 26 11H14c-2.828 0-4.243 0-5.121.879-.49.49-.707 1.147-.803 2.124Z\" clip-rule=\"evenodd\"\/><\/svg>\n<\/span> \n<a  href=\"mailto:sklep@virnalingerie.pl\">sklep@virnalingerie.pl<\/a> \n<\/li>\n<li class=\"contact_item\">\n<span>\n<svg xmlns=\"http:\/\/www.w3.org\/2000\/svg\" width=\"40\" height=\"40\" fill=\"none\"><path fill=\"#40352C\" d=\"M20.004 7c-5.427 0-7.014.006-7.323.031-1.114.093-1.807.268-2.562.644A5.19 5.19 0 0 0 8.625 8.77c-.824.856-1.324 1.91-1.505 3.163-.088.608-.114.732-.12 3.838v4.225c0 5.424.007 7.01.033 7.319.09 1.084.26 1.766.62 2.512a5.477 5.477 0 0 0 3.55 2.9c.535.138 1.127.214 1.887.25.322.014 3.603.024 6.886.024 3.284 0 6.567-.004 6.881-.02.88-.041 1.39-.11 1.956-.256a5.443 5.443 0 0 0 3.55-2.906c.352-.728.531-1.436.612-2.464.018-.224.025-3.796.025-7.363 0-3.567-.008-7.132-.026-7.356-.082-1.044-.26-1.746-.625-2.488a5.153 5.153 0 0 0-1.113-1.525c-.86-.822-1.912-1.322-3.165-1.503-.607-.088-.728-.114-3.836-.119h-4.23Z\"\/><path fill=\"#FDF2ED\" d=\"M20 11c-2.443 0-2.75.01-3.71.054-.958.044-1.612.196-2.185.418a4.408 4.408 0 0 0-1.594 1.038c-.5.5-.808 1.003-1.039 1.594-.223.573-.375 1.227-.418 2.185-.043.96-.054 1.267-.054 3.711s.01 2.75.054 3.71c.044.958.196 1.612.418 2.184.23.592.538 1.095 1.039 1.595.5.5 1.002.809 1.593 1.038.573.223 1.227.375 2.185.419.96.043 1.267.054 3.71.054 2.445 0 2.751-.01 3.711-.054.958-.044 1.613-.196 2.185-.419a4.403 4.403 0 0 0 1.594-1.038c.5-.5.808-1.003 1.038-1.594.222-.573.374-1.227.419-2.185.043-.96.054-1.266.054-3.71s-.011-2.751-.054-3.711c-.045-.958-.197-1.612-.419-2.184a4.417 4.417 0 0 0-1.038-1.595c-.5-.5-1.002-.808-1.594-1.037-.574-.223-1.228-.375-2.186-.419-.96-.043-1.266-.054-3.711-.054h.003Zm-.806 1.622H20c2.403 0 2.688.008 3.637.052.877.04 1.353.186 1.67.31.42.163.72.358 1.035.673.315.315.51.615.673 1.035.124.317.27.793.31 1.67.043.95.053 1.234.053 3.636s-.01 2.687-.053 3.636c-.04.877-.186 1.353-.31 1.67-.163.42-.358.72-.673 1.034-.315.315-.614.51-1.034.673-.317.124-.794.27-1.671.31-.95.043-1.234.053-3.637.053s-2.688-.01-3.637-.053c-.878-.04-1.354-.187-1.671-.31a2.787 2.787 0 0 1-1.035-.673 2.79 2.79 0 0 1-.674-1.035c-.123-.316-.27-.793-.31-1.67-.043-.949-.051-1.234-.051-3.637 0-2.404.008-2.687.051-3.636.04-.877.187-1.354.31-1.67.164-.42.359-.72.674-1.036.315-.315.615-.51 1.035-.673.317-.124.793-.27 1.671-.31.83-.038 1.152-.05 2.83-.051v.002Zm5.611 1.494a1.08 1.08 0 1 0 0 2.16 1.08 1.08 0 0 0 0-2.16Zm-4.804 1.262a4.622 4.622 0 1 0 0 9.244 4.622 4.622 0 0 0 0-9.244ZM20 17a3 3 0 1 1 0 6 3 3 0 0 1 0-6Z\"\/><\/svg>\n<\/span> \n<a href=\"https:\/\/www.instagram.com\/virnalingerie\/\" target=\"_blank\" rel=\"noopener\">Instagram<\/a> \n<\/li>\n<li class=\"contact_item\">\n<span>\n<svg xmlns=\"http:\/\/www.w3.org\/2000\/svg\" width=\"40\" height=\"40\" fill=\"none\"><path fill=\"#40352C\" d=\"M32.5 20.08C32.5 12.855 26.68 7 19.5 7s-13 5.856-13 13.08c0 6.528 4.754 11.939 10.969 12.92v-9.14h-3.301v-3.78h3.3v-2.882c0-3.278 1.942-5.089 4.911-5.089 1.422 0 2.91.256 2.91.256v3.218h-1.64c-1.614 0-2.118 1.009-2.118 2.043v2.453h3.606l-.577 3.781h-3.029V33c6.215-.981 10.969-6.392 10.969-12.92Z\"\/><\/svg>\n<\/span> \n<a href=\"https:\/\/www.facebook.com\/people\/Virna\/61554265572575\/\" target=\"_blank\" rel=\"noopener\">facebook<\/a> \n<\/li>\n<li class=\"contact_item\">\n<span>\n<svg xmlns=\"http:\/\/www.w3.org\/2000\/svg\" width=\"40\" height=\"40\" fill=\"none\"><path fill=\"#40352C\" d=\"m6.531 33.53 1.903-6.948a13.383 13.383 0 0 1-1.79-6.703c.003-7.392 6.019-13.406 13.412-13.406a13.33 13.33 0 0 1 9.487 3.932 13.324 13.324 0 0 1 3.925 9.485c-.004 7.392-6.02 13.408-13.412 13.408h-.006c-2.245-.001-4.45-.564-6.409-1.633l-7.11 1.865Z\"\/><path fill=\"#FDF2ED\" fill-rule=\"evenodd\" d=\"M16.652 14.27c-.25-.558-.515-.569-.754-.579l-.642-.007a1.23 1.23 0 0 0-.894.419c-.306.335-1.172 1.146-1.172 2.795 0 1.648 1.2 3.242 1.368 3.465.167.224 2.318 3.715 5.724 5.059 2.83 1.116 3.407.894 4.022.838.614-.056 1.982-.81 2.261-1.593.28-.783.28-1.453.196-1.593-.084-.14-.307-.224-.643-.391-.335-.168-1.982-.979-2.29-1.09-.307-.113-.53-.168-.754.167-.223.336-.865 1.09-1.06 1.314-.196.223-.391.252-.726.084-.336-.167-1.415-.521-2.695-1.663-.997-.888-1.669-1.985-1.865-2.32-.196-.336-.02-.517.148-.684.15-.15.335-.392.502-.587.168-.196.224-.336.335-.559.112-.223.056-.42-.028-.587-.084-.167-.735-1.825-1.032-2.488Z\" clip-rule=\"evenodd\"\/><\/svg>\n<\/span> \n<a href=\"https:\/\/wa.me\/48732593173\" target=\"_blank\" rel=\"noopener\">whatsapp<\/a> \n<\/li>\n<\/ul>\n<svg class=\"svg_our\" width=\"178\" height=\"228\" viewbox=\"0 0 178 228\" fill=\"none\" xmlns=\"http:\/\/www.w3.org\/2000\/svg\">\n  <g opacity=\"0.4\">\n    <path d=\"M17.5125 109.002L44.6771 131.377L8.88869 93.4201L10.8918 91.5439L12.6648 89.4485L74.3283 141.186L12.7644 78.5335L14.7238 76.6131L16.4551 74.4828L86.7825 131.023L18.5077 69.7057L22.0565 65.5232L85.794 115.924L25.3378 63.01L28.8157 58.7683L106.591 117.96L34.24 55.7176L37.717 51.4653C66.0186 73.0661 94.2853 94.7161 122.569 116.341L48.4258 51.1006L51.9062 46.8681L142.19 115.424L69.0871 49.3601L72.6097 45.1621L145.528 100.805L91.7929 52.712L95.3137 48.5046L169.738 105.535L125.57 62.9441L127.485 60.978L129.216 58.8485L171.283 92.6922L129.888 52.0137L131.819 50.0671L133.523 47.9109L176.913 81.9018L135.681 42.7055L137.58 40.7222L139.232 38.5346L191.631 77.9101L144.008 32.9243L145.896 30.9339L147.586 28.7693L202.175 71.1475L155.35 24.5892L157.294 22.6508L158.997 20.495L203.662 55.4747L166.819 19.5257L168.748 17.5678L170.466 15.4301L217.297 52.9136L183.584 16.9359L185.59 15.071L187.305 12.9222L225.017 42.8862L202.774 17.5033L204.84 15.6999L206.488 13.5018L243.3 40.9208L240.004 45.3177L223.978 33.3823L249.212 62.1785L247.147 63.982L245.431 66.1296L213.164 40.4918L247.487 77.1204L245.481 78.9862L243.763 81.1244L210.672 54.6379L243.644 86.8112L241.716 88.7684L240.013 90.9249L192.164 53.4505L237.826 98.8514L235.882 100.79L234.192 102.954L188.972 67.8506L230.806 107.367L228.919 109.358L227.268 111.546L173.816 71.3796L222.334 117.503L220.434 119.485L218.731 121.642L168.619 82.386L214.563 127.535L212.632 129.481L210.901 131.611L173.383 101.428L208.363 135.158L206.447 137.123L204.77 139.295L149.135 96.6628L201.476 143.507L197.956 147.716L121.734 89.5523L193.465 154.377L189.956 158.583L109.058 97.1542L185.97 164.832L182.477 169.056L110.044 113.675L179.691 173.592L176.228 177.853C147.272 155.777 118.277 133.748 89.3025 111.696L172.154 184.212L168.633 188.419C141.523 166.975 114.406 145.539 87.2925 124.098L165.248 194.11L161.674 198.276L49.5175 108.107L118.261 178.067L116.301 179.988L114.528 182.084L45.1246 123.851L78.5567 159.309L76.5526 161.184L74.8071 163.297L14.0187 113.225L17.5125 109.002Z\" fill=\"#B3A297\" \/>\n  <\/g>\n<\/svg>\n<\/div>\n<\/div>","protected":false},"excerpt":{"rendered":"","protected":false},"author":1,"featured_media":0,"parent":0,"menu_order":0,"comment_status":"closed","ping_status":"closed","template":"","meta":{"_acf_changed":false,"inline_featured_image":false,"site-sidebar-layout":"default","site-content-layout":"","ast-site-content-layout":"","site-content-style":"default","site-sidebar-style":"default","ast-global-header-display":"","ast-banner-title-visibility":"","ast-main-header-display":"","ast-hfb-above-header-display":"","ast-hfb-below-header-display":"","ast-hfb-mobile-header-display":"","site-post-title":"disabled","ast-breadcrumbs-content":"","ast-featured-img":"","footer-sml-layout":"","ast-disable-related-posts":"","theme-transparent-header-meta":"","adv-header-id-meta":"","stick-header-meta":"","header-above-stick-meta":"","header-main-stick-meta":"","header-below-stick-meta":"","astra-migrate-meta-layouts":"default","ast-page-background-enabled":"default","ast-page-background-meta":{"desktop":{"background-color":"var(--ast-global-color-4)","background-image":"","background-repeat":"repeat","background-position":"center center","background-size":"auto","background-attachment":"scroll","background-type":"","background-media":"","overlay-type":"","overlay-color":"","overlay-opacity":"","overlay-gradient":""},"tablet":{"background-color":"","background-image":"","background-repeat":"repeat","background-position":"center center","background-size":"auto","background-attachment":"scroll","background-type":"","background-media":"","overlay-type":"","overlay-color":"","overlay-opacity":"","overlay-gradient":""},"mobile":{"background-color":"","background-image":"","background-repeat":"repeat","background-position":"center center","background-size":"auto","background-attachment":"scroll","background-type":"","background-media":"","overlay-type":"","overlay-color":"","overlay-opacity":"","overlay-gradient":""}},"ast-content-background-meta":{"desktop":{"background-color":"var(--ast-global-color-5)","background-image":"","background-repeat":"repeat","background-position":"center center","background-size":"auto","background-attachment":"scroll","background-type":"","background-media":"","overlay-type":"","overlay-color":"","overlay-opacity":"","overlay-gradient":""},"tablet":{"background-color":"var(--ast-global-color-5)","background-image":"","background-repeat":"repeat","background-position":"center center","background-size":"auto","background-attachment":"scroll","background-type":"","background-media":"","overlay-type":"","overlay-color":"","overlay-opacity":"","overlay-gradient":""},"mobile":{"background-color":"var(--ast-global-color-5)","background-image":"","background-repeat":"repeat","background-position":"center center","background-size":"auto","background-attachment":"scroll","background-type":"","background-media":"","overlay-type":"","overlay-color":"","overlay-opacity":"","overlay-gradient":""}},"footnotes":""},"class_list":["post-4115","page","type-page","status-publish","hentry"],"acf":[],"_links":{"self":[{"href":"https:\/\/virnalingerie.pl\/es\/wp-json\/wp\/v2\/pages\/4115","targetHints":{"allow":["GET"]}}],"collection":[{"href":"https:\/\/virnalingerie.pl\/es\/wp-json\/wp\/v2\/pages"}],"about":[{"href":"https:\/\/virnalingerie.pl\/es\/wp-json\/wp\/v2\/types\/page"}],"author":[{"embeddable":true,"href":"https:\/\/virnalingerie.pl\/es\/wp-json\/wp\/v2\/users\/1"}],"replies":[{"embeddable":true,"href":"https:\/\/virnalingerie.pl\/es\/wp-json\/wp\/v2\/comments?post=4115"}],"version-history":[{"count":0,"href":"https:\/\/virnalingerie.pl\/es\/wp-json\/wp\/v2\/pages\/4115\/revisions"}],"wp:attachment":[{"href":"https:\/\/virnalingerie.pl\/es\/wp-json\/wp\/v2\/media?parent=4115"}],"curies":[{"name":"wp","href":"https:\/\/api.w.org\/{rel}","templated":true}]}}