{"id":132,"date":"2023-11-29T17:43:43","date_gmt":"2023-11-29T16:43:43","guid":{"rendered":"https:\/\/virnalingerie.pl\/?page_id=132"},"modified":"2026-01-08T20:08:34","modified_gmt":"2026-01-08T19:08:34","slug":"dostawa-i-platnosci","status":"publish","type":"page","link":"https:\/\/virnalingerie.pl\/es\/dostawa-i-platnosci\/","title":{"rendered":"Entrega y pago"},"content":{"rendered":"<p>Precio y forma de pago<\/p>\n\n\n\n<ol class=\"wp-block-list\">\n<li>Todos los precios de los Productos de la Tienda Online se indican en zlotys polacos (PLN) e incluyen todos los impuestos, como el IVA y los derechos de aduana.<\/li>\n\n\n\n<li>El cliente tiene la opci\u00f3n de pagar el precio que desee:\n<ol class=\"wp-block-list\">\n<li>a trav\u00e9s del Servicio\u00a0<strong>Przelewy24<\/strong>\u00a0v\u00eda\u00a0<strong>PayPro Sp\u00f3\u0142ka Akcyjna con domicilio social en Pozna\u0144, ul. Pastelowa 8, 60-198 Pozna\u0144.<\/strong>\u00a0por medio de:\n<ol class=\"wp-block-list\">\n<li>transferencia bancaria electr\u00f3nica (en l\u00ednea);<\/li>\n\n\n\n<li>con un c\u00f3digo BLIK<\/li>\n<\/ol>\n<\/li>\n<\/ol>\n<\/li>\n\n\n\n<li>La Tienda Online se reserva el derecho a realizar cambios de forma continuada tanto en los precios de los Productos presentados en la Tienda Online como en el importe de los gastos de entrega de los Productos en la direcci\u00f3n facilitada por el Cliente. No obstante, cada cambio en las listas de precios no se aplicar\u00e1 a los Clientes que hayan realizado pedidos antes de que se introdujeran los cambios en las listas de precios.<\/li>\n<\/ol>\n\n\n\n<p>Entrega<\/p>\n\n\n\n<ol class=\"wp-block-list\">\n<li>La entrega se realiza a trav\u00e9s del proveedor de servicios InPost, DPD, Poczta Polska, Orlen Paczka dependiendo de la forma de entrega elegida por el Cliente.<\/li>\n\n\n\n<li>El precio de entrega del producto al cliente es pagadero.<\/li>\n\n\n\n<li>El plazo de entrega previsto de los Productos es de<strong>\u00a02 d\u00edas laborables<\/strong>La fecha de expedici\u00f3n del env\u00edo por parte del vendedor.<\/li>\n\n\n\n<li>El Vendedor recomienda al Cliente que compruebe el contenido del paquete cuando lo recoja del transportista. Si el paquete presenta indicios de da\u00f1os, destrucci\u00f3n, arrugas, manchas, el Vendedor recomienda elaborar un protocolo de da\u00f1os del paquete (o de su contenido).<\/li>\n<\/ol>","protected":false},"excerpt":{"rendered":"<p>Cena i spos\u00f3b zap\u0142aty Dostawa<\/p>","protected":false},"author":1,"featured_media":0,"parent":0,"menu_order":0,"comment_status":"closed","ping_status":"closed","template":"","meta":{"_acf_changed":false,"inline_featured_image":false,"site-sidebar-layout":"default","site-content-layout":"","ast-site-content-layout":"default","site-content-style":"default","site-sidebar-style":"default","ast-global-header-display":"","ast-banner-title-visibility":"","ast-main-header-display":"","ast-hfb-above-header-display":"","ast-hfb-below-header-display":"","ast-hfb-mobile-header-display":"","site-post-title":"","ast-breadcrumbs-content":"","ast-featured-img":"","footer-sml-layout":"","ast-disable-related-posts":"","theme-transparent-header-meta":"","adv-header-id-meta":"","stick-header-meta":"","header-above-stick-meta":"","header-main-stick-meta":"","header-below-stick-meta":"","astra-migrate-meta-layouts":"default","ast-page-background-enabled":"default","ast-page-background-meta":{"desktop":{"background-color":"var(--ast-global-color-4)","background-image":"","background-repeat":"repeat","background-position":"center center","background-size":"auto","background-attachment":"scroll","background-type":"","background-media":"","overlay-type":"","overlay-color":"","overlay-opacity":"","overlay-gradient":""},"tablet":{"background-color":"","background-image":"","background-repeat":"repeat","background-position":"center center","background-size":"auto","background-attachment":"scroll","background-type":"","background-media":"","overlay-type":"","overlay-color":"","overlay-opacity":"","overlay-gradient":""},"mobile":{"background-color":"","background-image":"","background-repeat":"repeat","background-position":"center center","background-size":"auto","background-attachment":"scroll","background-type":"","background-media":"","overlay-type":"","overlay-color":"","overlay-opacity":"","overlay-gradient":""}},"ast-content-background-meta":{"desktop":{"background-color":"var(--ast-global-color-5)","background-image":"","background-repeat":"repeat","background-position":"center center","background-size":"auto","background-attachment":"scroll","background-type":"","background-media":"","overlay-type":"","overlay-color":"","overlay-opacity":"","overlay-gradient":""},"tablet":{"background-color":"var(--ast-global-color-5)","background-image":"","background-repeat":"repeat","background-position":"center center","background-size":"auto","background-attachment":"scroll","background-type":"","background-media":"","overlay-type":"","overlay-color":"","overlay-opacity":"","overlay-gradient":""},"mobile":{"background-color":"var(--ast-global-color-5)","background-image":"","background-repeat":"repeat","background-position":"center center","background-size":"auto","background-attachment":"scroll","background-type":"","background-media":"","overlay-type":"","overlay-color":"","overlay-opacity":"","overlay-gradient":""}},"footnotes":""},"class_list":["post-132","page","type-page","status-publish","hentry"],"acf":[],"_links":{"self":[{"href":"https:\/\/virnalingerie.pl\/es\/wp-json\/wp\/v2\/pages\/132","targetHints":{"allow":["GET"]}}],"collection":[{"href":"https:\/\/virnalingerie.pl\/es\/wp-json\/wp\/v2\/pages"}],"about":[{"href":"https:\/\/virnalingerie.pl\/es\/wp-json\/wp\/v2\/types\/page"}],"author":[{"embeddable":true,"href":"https:\/\/virnalingerie.pl\/es\/wp-json\/wp\/v2\/users\/1"}],"replies":[{"embeddable":true,"href":"https:\/\/virnalingerie.pl\/es\/wp-json\/wp\/v2\/comments?post=132"}],"version-history":[{"count":0,"href":"https:\/\/virnalingerie.pl\/es\/wp-json\/wp\/v2\/pages\/132\/revisions"}],"wp:attachment":[{"href":"https:\/\/virnalingerie.pl\/es\/wp-json\/wp\/v2\/media?parent=132"}],"curies":[{"name":"wp","href":"https:\/\/api.w.org\/{rel}","templated":true}]}}