{"id":3643,"date":"2024-11-13T13:47:04","date_gmt":"2024-11-13T12:47:04","guid":{"rendered":"https:\/\/virnalingerie.pl\/?post_type=product&#038;p=3643"},"modified":"2024-11-13T18:53:40","modified_gmt":"2024-11-13T17:53:40","slug":"koszulka-nocna-cappuccino","status":"publish","type":"product","link":"https:\/\/virnalingerie.pl\/en\/sklep\/koszulka-nocna-cappuccino\/","title":{"rendered":"Cappuccino nightgown"},"content":{"rendered":"<p>Silk nightgown with V neckline on the back<br \/>\nArmani silk fabric, is skin-friendly, comfortable and breathable.<br \/>\nComposition - 97% polyester, 3% elastin;<br \/>\nWhen ordering, you can choose your size and write in the comments<br \/>\nlength, jaku need, color.<br \/>\nThe model is 160 cm tall and is wearing size XS<\/p>","protected":false},"excerpt":{"rendered":"<p class=\"opisy\">We produce the entire assortment in our sewing room in Krakow within 7 working days of receiving your order. You are assured that the underwear will be made specifically for you, and you have the option to customize your body parameters to our chart or provide specific body measurements.<\/p>\n<p><img loading=\"lazy\" decoding=\"async\" class=\"alignnone wp-image-3113\" src=\"https:\/\/virnalingerie.pl\/wp-content\/uploads\/2023\/12\/11.png\" alt=\"\" width=\"30\" height=\"29\" srcset=\"https:\/\/virnalingerie.pl\/wp-content\/uploads\/2023\/12\/11.png 200w, https:\/\/virnalingerie.pl\/wp-content\/uploads\/2023\/12\/11-150x150.png 150w, https:\/\/virnalingerie.pl\/wp-content\/uploads\/2023\/12\/11-13x12.png 13w, https:\/\/virnalingerie.pl\/wp-content\/uploads\/2023\/12\/11-100x100.png 100w\" sizes=\"auto, (max-width: 30px) 100vw, 30px\" \/>\u00a0 \u00a0Handmade underwear (up to 7 working days)<\/p>\n<p><img loading=\"lazy\" decoding=\"async\" class=\"alignnone wp-image-3114\" src=\"https:\/\/virnalingerie.pl\/wp-content\/uploads\/2023\/12\/22.png\" alt=\"\" width=\"30\" height=\"28\" srcset=\"https:\/\/virnalingerie.pl\/wp-content\/uploads\/2023\/12\/22.png 200w, https:\/\/virnalingerie.pl\/wp-content\/uploads\/2023\/12\/22-13x12.png 13w\" sizes=\"auto, (max-width: 30px) 100vw, 30px\" \/>\u00a0 \u00a0Fitted to your body<\/p>\n<p><img loading=\"lazy\" decoding=\"async\" class=\"alignnone wp-image-3115\" src=\"https:\/\/virnalingerie.pl\/wp-content\/uploads\/2023\/12\/33.png\" alt=\"\" width=\"30\" height=\"33\" srcset=\"https:\/\/virnalingerie.pl\/wp-content\/uploads\/2023\/12\/33.png 200w, https:\/\/virnalingerie.pl\/wp-content\/uploads\/2023\/12\/33-11x12.png 11w\" sizes=\"auto, (max-width: 30px) 100vw, 30px\" \/>\u00a0 \u00a0Item manufactured to specifications<\/p>\n<p><img loading=\"lazy\" decoding=\"async\" class=\"alignnone wp-image-3116\" src=\"https:\/\/virnalingerie.pl\/wp-content\/uploads\/2023\/12\/44.png\" alt=\"\" width=\"30\" height=\"30\" srcset=\"https:\/\/virnalingerie.pl\/wp-content\/uploads\/2023\/12\/44.png 200w, https:\/\/virnalingerie.pl\/wp-content\/uploads\/2023\/12\/44-150x150.png 150w, https:\/\/virnalingerie.pl\/wp-content\/uploads\/2023\/12\/44-12x12.png 12w, https:\/\/virnalingerie.pl\/wp-content\/uploads\/2023\/12\/44-100x100.png 100w\" sizes=\"auto, (max-width: 30px) 100vw, 30px\" \/>\u00a0 Guarantee of tailoring adjustments or replacement in case of mismatch<\/p>","protected":false},"featured_media":3647,"template":"","meta":{"_acf_changed":false,"inline_featured_image":false,"site-sidebar-layout":"default","site-content-layout":"","ast-site-content-layout":"default","site-content-style":"default","site-sidebar-style":"default","ast-global-header-display":"","ast-banner-title-visibility":"","ast-main-header-display":"","ast-hfb-above-header-display":"","ast-hfb-below-header-display":"","ast-hfb-mobile-header-display":"","site-post-title":"","ast-breadcrumbs-content":"","ast-featured-img":"","footer-sml-layout":"","ast-disable-related-posts":"","theme-transparent-header-meta":"default","adv-header-id-meta":"","stick-header-meta":"","header-above-stick-meta":"","header-main-stick-meta":"","header-below-stick-meta":"","astra-migrate-meta-layouts":"set","ast-page-background-enabled":"default","ast-page-background-meta":{"desktop":{"background-color":"var(--ast-global-color-4)","background-image":"","background-repeat":"repeat","background-position":"center center","background-size":"auto","background-attachment":"scroll","background-type":"","background-media":"","overlay-type":"","overlay-color":"","overlay-opacity":"","overlay-gradient":""},"tablet":{"background-color":"","background-image":"","background-repeat":"repeat","background-position":"center center","background-size":"auto","background-attachment":"scroll","background-type":"","background-media":"","overlay-type":"","overlay-color":"","overlay-opacity":"","overlay-gradient":""},"mobile":{"background-color":"","background-image":"","background-repeat":"repeat","background-position":"center center","background-size":"auto","background-attachment":"scroll","background-type":"","background-media":"","overlay-type":"","overlay-color":"","overlay-opacity":"","overlay-gradient":""}},"ast-content-background-meta":{"desktop":{"background-color":"var(--ast-global-color-5)","background-image":"","background-repeat":"repeat","background-position":"center center","background-size":"auto","background-attachment":"scroll","background-type":"","background-media":"","overlay-type":"","overlay-color":"","overlay-opacity":"","overlay-gradient":""},"tablet":{"background-color":"var(--ast-global-color-5)","background-image":"","background-repeat":"repeat","background-position":"center center","background-size":"auto","background-attachment":"scroll","background-type":"","background-media":"","overlay-type":"","overlay-color":"","overlay-opacity":"","overlay-gradient":""},"mobile":{"background-color":"var(--ast-global-color-5)","background-image":"","background-repeat":"repeat","background-position":"center center","background-size":"auto","background-attachment":"scroll","background-type":"","background-media":"","overlay-type":"","overlay-color":"","overlay-opacity":"","overlay-gradient":""}}},"product_brand":[],"product_cat":[15],"product_tag":[],"class_list":{"0":"post-3643","1":"product","2":"type-product","3":"status-publish","4":"has-post-thumbnail","6":"product_cat-kolekcja-domowa","7":"pa_kolor-nude","8":"desktop-align-left","9":"tablet-align-left","10":"mobile-align-left","11":"wcpa_has_options","13":"first","14":"instock","15":"shipping-taxable","16":"purchasable","17":"product-type-simple"},"acf":[],"wcpa_form_fields":{"wcpaData":{"product":{"product_price":200,"price_html":"<span class=\"woocommerce-Price-amount amount\"><bdi>200,00&nbsp;<span class=\"woocommerce-Price-currencySymbol\">&#122;&#322;<\/span><\/bdi><\/span>","original_product_price":200,"price_including_tax":200,"price_excluding_tax":200,"product_id":{"parent":3643,"variation":false},"is_variable":false,"stock_status":"instock","stock_quantity":null,"parent_sku":"","product_attributes":{"pa_kolor":{"is_variation":false,"values":["nude"]}},"custom_fields":[],"is_taxable":false},"fields":{"sec_6673220c78863c":{"extra":{"key":"sec_6673220c78863c","section_id":"sec_6673220c78863c","name":"Default","status":1,"cl_rule":"show","enableCl":false,"relations":[],"toggle":true,"title_tag":"h3","show_title":false,"showPrice":"default","form_id":3628,"form_rules":{"exclude_from_discount":false,"fee_label":"Fee","disp_hide_options_price":false,"disp_show_section_price":false,"disp_show_field_price":true,"layout_option":"standard","pric_use_as_fee":false,"process_fee_as":"woo_fee"},"layout_option":"standard"},"fields":[[{"active":true,"col":6,"relations":false,"cl_rule":"show","enableCl":false,"price":"","enablePrice":false,"className":"","label_position":"default","desc_position":"default","type":"content","required":false,"elementId":"content_4196589163","label":"","name":"content_4196589163","contentType":"rich","value":"<p>&nbsp;Je\u017celi twojego rozmiaru niema na li\u015bcie, nasza krawcowa wykona bielizn\u0119 na podstawie konkretnie podanych wymiar\u00f3w.&nbsp;<\/p>","error":false,"gt_translate_keys":["label","value"],"price_dependency":false,"cl_dependency":false}],[{"active":true,"col":6,"relations":false,"cl_rule":"show","enableCl":false,"price":"","enablePrice":false,"className":"","label_position":"default","desc_position":"default","type":"select","required":false,"elementId":"select_4274989220","label":"Rozmiar","name":"select_4274989220","values":[{"label":"XS","value":"XS","selected":false,"tempId":"aco_253","gt_translate_keys":["label"]},{"label":"S","value":"S","selected":false,"tempId":"aco_254","gt_translate_keys":["label"]},{"label":"M","value":"M","selected":false,"tempId":"aco_255","gt_translate_keys":["label"]},{"label":"L","value":"L","selected":false,"tempId":"aco_319","gt_translate_keys":["label"]},{"label":"XL","value":"XL","selected":false,"tempId":"aco_347","gt_translate_keys":["label"]},{"label":"2XL","value":"2XL","selected":false,"tempId":"aco_375","gt_translate_keys":["label"]}],"dropdown_type":"basic","error":false,"gt_translate_keys":["label"],"price_dependency":false,"cl_dependency":false,"value":""}],[{"active":true,"col":6,"relations":false,"cl_rule":"show","enableCl":false,"price":"","enablePrice":false,"className":"","label_position":"default","desc_position":"default","type":"content","required":false,"elementId":"content_4508527394","label":"","name":"content_4508527394","contentType":"rich","value":"<p>Aby wykona\u0107 dla ciebie najlepiej dopasowan\u0105 bielizn\u0119, podaj poni\u017cej konkretne wymiary <a href=\"https:\/\/virnalingerie.pl\/tabela-rozmiarow\/\">wed\u0142ug naszej instrukcji.<\/a> &nbsp;<\/p>","error":false,"gt_translate_keys":["label","value"],"price_dependency":false,"cl_dependency":false}],[{"active":true,"col":3,"relations":false,"cl_rule":"show","enableCl":false,"price":"","enablePrice":false,"className":"","label_position":"default","desc_position":"default","type":"number","required":false,"elementId":"number_4871810503","label":"Obw\u00f3d talii","name":"number_4871810503","value":"","error":false,"gt_translate_keys":["label","value"],"price_dependency":false,"cl_dependency":false},{"label":"Obw\u00f3d bioder","active":true,"required":false,"elementId":"number-4956310592","value":"","name":"number-4956310592","label_position":"default","desc_position":"default","enablePrice":false,"className":"","enableCl":false,"relations":false,"price":"","cl_rule":"show","col":3,"type":"number","error":false,"gt_translate_keys":["label","value"],"price_dependency":false,"cl_dependency":false}]]}},"config":{"price_override":"","enable_recaptcha":false,"bind_quantity":false,"quantity_bind_formula":"","disp_summ_show_option_price":true,"disp_summ_show_product_price":true,"disp_summ_show_total_price":true,"disp_summ_show_fee":false,"disp_summ_show_discount":false,"summary_title":"","options_total_label":"Options Price","total_label":"Total","options_product_label":"Product Price","fee_label":"Fee","discount_label":"Discount","has_price":true,"has_quantity_formula":false},"mc_unit":1,"tax_rate":1,"tax_rate_real":1,"discount":{"percentage":0,"fixed":0},"design":{"conf":{"LabelPosition":"above","DescPosition":"above","UploadField":"custom_1","QuantityFieldStyle":"default"},"css":{"LeftLabelWidth":"120px"}},"formulas":[],"clones":false,"cartKey":false}},"_links":{"self":[{"href":"https:\/\/virnalingerie.pl\/en\/wp-json\/wp\/v2\/product\/3643","targetHints":{"allow":["GET"]}}],"collection":[{"href":"https:\/\/virnalingerie.pl\/en\/wp-json\/wp\/v2\/product"}],"about":[{"href":"https:\/\/virnalingerie.pl\/en\/wp-json\/wp\/v2\/types\/product"}],"wp:featuredmedia":[{"embeddable":true,"href":"https:\/\/virnalingerie.pl\/en\/wp-json\/wp\/v2\/media\/3647"}],"wp:attachment":[{"href":"https:\/\/virnalingerie.pl\/en\/wp-json\/wp\/v2\/media?parent=3643"}],"wp:term":[{"taxonomy":"product_brand","embeddable":true,"href":"https:\/\/virnalingerie.pl\/en\/wp-json\/wp\/v2\/product_brand?post=3643"},{"taxonomy":"product_cat","embeddable":true,"href":"https:\/\/virnalingerie.pl\/en\/wp-json\/wp\/v2\/product_cat?post=3643"},{"taxonomy":"product_tag","embeddable":true,"href":"https:\/\/virnalingerie.pl\/en\/wp-json\/wp\/v2\/product_tag?post=3643"}],"curies":[{"name":"wp","href":"https:\/\/api.w.org\/{rel}","templated":true}]}}