{"id":2176,"date":"2024-01-25T09:47:18","date_gmt":"2024-01-25T08:47:18","guid":{"rendered":"https:\/\/virnalingerie.pl\/?post_type=product&#038;p=2176"},"modified":"2026-01-08T13:07:25","modified_gmt":"2026-01-08T12:07:25","slug":"biustonosz-mak-black","status":"publish","type":"product","link":"https:\/\/virnalingerie.pl\/en\/sklep\/biustonosz-mak-black\/","title":{"rendered":"Bra \"Mak black\""},"content":{"rendered":"","protected":false},"excerpt":{"rendered":"<p class=\"opisy\">We produce the entire assortment in our sewing room in Krakow within 7 working days of receiving your order. You are assured that the underwear will be made specifically for you, and you have the option to customize your body parameters to our chart or provide specific body measurements.<\/p>\n<p><img loading=\"lazy\" decoding=\"async\" class=\"alignnone wp-image-3113\" src=\"https:\/\/virnalingerie.pl\/wp-content\/uploads\/2023\/12\/11.png\" alt=\"\" width=\"30\" height=\"29\" srcset=\"https:\/\/virnalingerie.pl\/wp-content\/uploads\/2023\/12\/11.png 200w, https:\/\/virnalingerie.pl\/wp-content\/uploads\/2023\/12\/11-150x150.png 150w, https:\/\/virnalingerie.pl\/wp-content\/uploads\/2023\/12\/11-13x12.png 13w, https:\/\/virnalingerie.pl\/wp-content\/uploads\/2023\/12\/11-100x100.png 100w\" sizes=\"auto, (max-width: 30px) 100vw, 30px\" \/>\u00a0 \u00a0Handmade underwear (up to 7 working days)<\/p>\n<p><img loading=\"lazy\" decoding=\"async\" class=\"alignnone wp-image-3114\" src=\"https:\/\/virnalingerie.pl\/wp-content\/uploads\/2023\/12\/22.png\" alt=\"\" width=\"30\" height=\"28\" srcset=\"https:\/\/virnalingerie.pl\/wp-content\/uploads\/2023\/12\/22.png 200w, https:\/\/virnalingerie.pl\/wp-content\/uploads\/2023\/12\/22-13x12.png 13w\" sizes=\"auto, (max-width: 30px) 100vw, 30px\" \/>\u00a0 \u00a0Fitted to your body<\/p>\n<p><img loading=\"lazy\" decoding=\"async\" class=\"alignnone wp-image-3115\" src=\"https:\/\/virnalingerie.pl\/wp-content\/uploads\/2023\/12\/33.png\" alt=\"\" width=\"30\" height=\"33\" srcset=\"https:\/\/virnalingerie.pl\/wp-content\/uploads\/2023\/12\/33.png 200w, https:\/\/virnalingerie.pl\/wp-content\/uploads\/2023\/12\/33-11x12.png 11w\" sizes=\"auto, (max-width: 30px) 100vw, 30px\" \/>\u00a0 \u00a0Item manufactured to specifications<\/p>\n<p><img loading=\"lazy\" decoding=\"async\" class=\"alignnone wp-image-3116\" src=\"https:\/\/virnalingerie.pl\/wp-content\/uploads\/2023\/12\/44.png\" alt=\"\" width=\"30\" height=\"30\" srcset=\"https:\/\/virnalingerie.pl\/wp-content\/uploads\/2023\/12\/44.png 200w, https:\/\/virnalingerie.pl\/wp-content\/uploads\/2023\/12\/44-150x150.png 150w, https:\/\/virnalingerie.pl\/wp-content\/uploads\/2023\/12\/44-12x12.png 12w, https:\/\/virnalingerie.pl\/wp-content\/uploads\/2023\/12\/44-100x100.png 100w\" sizes=\"auto, (max-width: 30px) 100vw, 30px\" \/>\u00a0 Guarantee of tailoring adjustments or replacement in case of mismatch<\/p>","protected":false},"featured_media":2844,"template":"","meta":{"_acf_changed":false,"inline_featured_image":false,"site-sidebar-layout":"default","site-content-layout":"","ast-site-content-layout":"default","site-content-style":"default","site-sidebar-style":"default","ast-global-header-display":"","ast-banner-title-visibility":"","ast-main-header-display":"","ast-hfb-above-header-display":"","ast-hfb-below-header-display":"","ast-hfb-mobile-header-display":"","site-post-title":"","ast-breadcrumbs-content":"","ast-featured-img":"","footer-sml-layout":"","ast-disable-related-posts":"","theme-transparent-header-meta":"default","adv-header-id-meta":"","stick-header-meta":"","header-above-stick-meta":"","header-main-stick-meta":"","header-below-stick-meta":"","astra-migrate-meta-layouts":"set","ast-page-background-enabled":"default","ast-page-background-meta":{"desktop":{"background-color":"var(--ast-global-color-4)","background-image":"","background-repeat":"repeat","background-position":"center center","background-size":"auto","background-attachment":"scroll","background-type":"","background-media":"","overlay-type":"","overlay-color":"","overlay-opacity":"","overlay-gradient":""},"tablet":{"background-color":"","background-image":"","background-repeat":"repeat","background-position":"center center","background-size":"auto","background-attachment":"scroll","background-type":"","background-media":"","overlay-type":"","overlay-color":"","overlay-opacity":"","overlay-gradient":""},"mobile":{"background-color":"","background-image":"","background-repeat":"repeat","background-position":"center center","background-size":"auto","background-attachment":"scroll","background-type":"","background-media":"","overlay-type":"","overlay-color":"","overlay-opacity":"","overlay-gradient":""}},"ast-content-background-meta":{"desktop":{"background-color":"var(--ast-global-color-5)","background-image":"","background-repeat":"repeat","background-position":"center center","background-size":"auto","background-attachment":"scroll","background-type":"","background-media":"","overlay-type":"","overlay-color":"","overlay-opacity":"","overlay-gradient":""},"tablet":{"background-color":"var(--ast-global-color-5)","background-image":"","background-repeat":"repeat","background-position":"center center","background-size":"auto","background-attachment":"scroll","background-type":"","background-media":"","overlay-type":"","overlay-color":"","overlay-opacity":"","overlay-gradient":""},"mobile":{"background-color":"var(--ast-global-color-5)","background-image":"","background-repeat":"repeat","background-position":"center center","background-size":"auto","background-attachment":"scroll","background-type":"","background-media":"","overlay-type":"","overlay-color":"","overlay-opacity":"","overlay-gradient":""}}},"product_brand":[],"product_cat":[51],"product_tag":[],"class_list":{"0":"post-2176","1":"product","2":"type-product","3":"status-publish","4":"has-post-thumbnail","6":"product_cat-biustonosze","7":"desktop-align-left","8":"tablet-align-left","9":"mobile-align-left","10":"wcpa_has_options","12":"first","13":"instock","14":"shipping-taxable","15":"purchasable","16":"product-type-simple"},"acf":[],"wcpa_form_fields":{"wcpaData":{"product":{"product_price":139,"price_html":"<span class=\"woocommerce-Price-amount amount\"><bdi>139,00&nbsp;<span class=\"woocommerce-Price-currencySymbol\">&#122;&#322;<\/span><\/bdi><\/span>","original_product_price":139,"price_including_tax":139,"price_excluding_tax":139,"product_id":{"parent":2176,"variation":false},"is_variable":false,"stock_status":"instock","stock_quantity":null,"parent_sku":"","product_attributes":[],"custom_fields":[],"is_taxable":false},"fields":{"sec_96605b35c877d4":{"extra":{"key":"sec_96605b35c877d4","section_id":"sec_96605b35c877d4","name":"Default","status":1,"cl_rule":"show","enableCl":false,"relations":[],"toggle":true,"title_tag":"h3","show_title":false,"showPrice":"default","form_id":2631,"form_rules":{"exclude_from_discount":false,"fee_label":"Op\u0142ata","disp_hide_options_price":false,"disp_show_section_price":false,"disp_show_field_price":true,"layout_option":"standard","pric_use_as_fee":false,"process_fee_as":"woo_fee"},"layout_option":"standard"},"fields":[[{"active":true,"col":6,"relations":[{"operator":false,"rules":[{"operator":"AND","rules":{"cl_field":"checkbox_9574169175","cl_relation":"is","cl_val":true}}]}],"cl_rule":"hide","enableCl":true,"price":"","enablePrice":false,"className":"basic_size_input","label_position":"default","desc_position":"default","type":"select","required":true,"elementId":"select_106605b35c877ff","label":"Rozmiar biustonosza","name":"select_106605b35c877ff","values":[{"label":"65A","value":"65A","selected":false,"tempId":"aco_334","gt_translate_keys":["label"]},{"label":"65B","value":"65B","selected":false,"tempId":"aco_336","gt_translate_keys":["label"]},{"label":"65C","value":"65C","selected":false,"tempId":"aco_454","gt_translate_keys":["label"]},{"label":"65D","value":"65D","selected":false,"tempId":"aco_464","gt_translate_keys":["label"]},{"label":"65E","value":"65E","selected":false,"tempId":"aco_618","gt_translate_keys":["label"]},{"label":"65F","value":"65F","selected":false,"tempId":"aco_664","gt_translate_keys":["label"]},{"label":"65G","value":"65G","selected":false,"tempId":"aco_710","gt_translate_keys":["label"]},{"label":"70A","value":"70A","selected":false,"tempId":"aco_948","gt_translate_keys":["label"]},{"label":"70B","value":"70B","selected":false,"tempId":"aco_1012","gt_translate_keys":["label"]},{"label":"70C","value":"70C","selected":false,"tempId":"aco_1388","gt_translate_keys":["label"]},{"label":"70D","value":"70D","selected":false,"tempId":"aco_1434","gt_translate_keys":["label"]},{"label":"70E","value":"70E","selected":false,"tempId":"aco_1480","gt_translate_keys":["label"]},{"label":"70F","value":"70F","selected":false,"tempId":"aco_1526","gt_translate_keys":["label"]},{"label":"75A","value":"75A","selected":false,"tempId":"aco_1710","gt_translate_keys":["label"]},{"label":"75B","value":"75B","selected":false,"tempId":"aco_1765","gt_translate_keys":["label"]},{"label":"75C","value":"75C","selected":false,"tempId":"aco_1820","gt_translate_keys":["label"]},{"label":"75D","value":"75D","selected":false,"tempId":"aco_1866","gt_translate_keys":["label"]},{"label":"75E","value":"75E","selected":false,"tempId":"aco_1912","gt_translate_keys":["label"]},{"label":"80A","value":"80A","selected":false,"tempId":"aco_2096","gt_translate_keys":["label"]},{"label":"80B","value":"80B","selected":false,"tempId":"aco_2151","gt_translate_keys":["label"]},{"label":"80C","value":"80C","selected":false,"tempId":"aco_2197","gt_translate_keys":["label"]},{"label":"80D","value":"80D","selected":false,"tempId":"aco_2243","gt_translate_keys":["label"]},{"label":"85A","value":"85A","selected":false,"tempId":"aco_2427","gt_translate_keys":["label"]},{"label":"85B","value":"85B","selected":false,"tempId":"aco_2500","gt_translate_keys":["label"]},{"label":"85C","value":"85C","selected":false,"tempId":"aco_3033","gt_translate_keys":["label"]},{"label":"85D","value":"85D","selected":false,"tempId":"aco_64","gt_translate_keys":["label"]},{"label":"85E","value":"85E","selected":false,"tempId":"aco_146","gt_translate_keys":["label"]},{"label":"85F","value":"85F","selected":false,"tempId":"aco_246","gt_translate_keys":["label"]},{"label":"65H","value":"65H","selected":false,"tempId":"aco_310","gt_translate_keys":["label"]},{"label":"65I","value":"65I","selected":false,"tempId":"aco_320","gt_translate_keys":["label"]},{"label":"65J","value":"65J","selected":false,"tempId":"aco_438","gt_translate_keys":["label"]},{"label":"70F","value":"70F","selected":false,"tempId":"aco_502","gt_translate_keys":["label"]},{"label":"70G","value":"70G","selected":false,"tempId":"aco_566","gt_translate_keys":["label"]},{"label":"70H","value":"70H","selected":false,"tempId":"aco_630","gt_translate_keys":["label"]},{"label":"70I","value":"70I","selected":false,"tempId":"aco_694","gt_translate_keys":["label"]},{"label":"75F","value":"75F","selected":false,"tempId":"aco_758","gt_translate_keys":["label"]},{"label":"75G","value":"75G","selected":false,"tempId":"aco_822","gt_translate_keys":["label"]},{"label":"75H","value":"75H","selected":false,"tempId":"aco_886","gt_translate_keys":["label"]},{"label":"80E","value":"80E","selected":false,"tempId":"aco_950","gt_translate_keys":["label"]},{"label":"80F","value":"80F","selected":false,"tempId":"aco_1014","gt_translate_keys":["label"]},{"label":"80G","value":"80G","selected":false,"tempId":"aco_1078","gt_translate_keys":["label"]}],"dropdown_type":"basic","error":[],"tooltip":"","gt_translate_keys":["label","tooltip"],"price_dependency":false,"cl_dependency":false,"value":""}],[{"active":true,"col":6,"relations":[],"cl_rule":"show","enableCl":true,"price":"","enablePrice":false,"className":"individual_size_input","label_position":"default","desc_position":"default","type":"number","required":false,"elementId":"number_06605b35c87842","label":"Obw\u00f3d biustu","name":"number_06605b35c87842","value":"","error":false,"placeholder":"","description":"","gt_translate_keys":["label","placeholder","description","value"],"price_dependency":false,"cl_dependency":false}],[{"label":"Obw\u00f3d pod biustem","active":true,"required":false,"elementId":"number_96605b35c8784c","value":"","name":"number_96605b35c8784c","label_position":"default","desc_position":"default","enablePrice":false,"className":"individual_size_input","enableCl":true,"relations":[],"price":"","cl_rule":"show","col":6,"type":"number","error":false,"gt_translate_keys":["label","value"],"price_dependency":false,"cl_dependency":false}],[{"label":"\u0141uk piersi","active":true,"required":false,"elementId":"number_106605b35c87855","value":"","name":"number_106605b35c87855","label_position":"default","desc_position":"default","enablePrice":false,"className":"individual_size_input","enableCl":true,"relations":[],"price":"","cl_rule":"show","col":6,"type":"number","error":false,"gt_translate_keys":["label","value"],"price_dependency":false,"cl_dependency":false}],[{"active":true,"col":6,"relations":false,"cl_rule":"show","enableCl":false,"price":"","enablePrice":false,"className":"individual_size_input","label_position":"default","desc_position":"default","type":"text","subtype":"text","required":false,"elementId":"text_5954679072","label":"Dla lepszego dopasowania podaj rozmiar biustonosza kt\u00f3ry obecnie nosisz","name":"text_5954679072","value":"","error":false,"pattern":"^(\\d{2,3}[A-Z]+(\/\\d{2,3})?|\\d{2,3})$","gt_translate_keys":["label","value"],"price_dependency":false,"cl_dependency":false}]]}},"config":{"price_override":"","enable_recaptcha":false,"bind_quantity":false,"quantity_bind_formula":"","disp_summ_show_option_price":true,"disp_summ_show_product_price":true,"disp_summ_show_total_price":true,"disp_summ_show_fee":false,"disp_summ_show_discount":false,"summary_title":"","options_total_label":"Cena opcji","total_label":"\u0141\u0105cznie","options_product_label":"Cena produktu","fee_label":"Op\u0142ata","discount_label":"Zni\u017cka","has_price":true,"has_quantity_formula":false},"mc_unit":1,"tax_rate":1,"tax_rate_real":1,"discount":{"percentage":0,"fixed":0},"design":{"conf":{"LabelPosition":"above","DescPosition":"above","UploadField":"custom_1","QuantityFieldStyle":"default"},"css":{"LeftLabelWidth":"120px"}},"formulas":[],"clones":false,"cartKey":false}},"_links":{"self":[{"href":"https:\/\/virnalingerie.pl\/en\/wp-json\/wp\/v2\/product\/2176","targetHints":{"allow":["GET"]}}],"collection":[{"href":"https:\/\/virnalingerie.pl\/en\/wp-json\/wp\/v2\/product"}],"about":[{"href":"https:\/\/virnalingerie.pl\/en\/wp-json\/wp\/v2\/types\/product"}],"wp:featuredmedia":[{"embeddable":true,"href":"https:\/\/virnalingerie.pl\/en\/wp-json\/wp\/v2\/media\/2844"}],"wp:attachment":[{"href":"https:\/\/virnalingerie.pl\/en\/wp-json\/wp\/v2\/media?parent=2176"}],"wp:term":[{"taxonomy":"product_brand","embeddable":true,"href":"https:\/\/virnalingerie.pl\/en\/wp-json\/wp\/v2\/product_brand?post=2176"},{"taxonomy":"product_cat","embeddable":true,"href":"https:\/\/virnalingerie.pl\/en\/wp-json\/wp\/v2\/product_cat?post=2176"},{"taxonomy":"product_tag","embeddable":true,"href":"https:\/\/virnalingerie.pl\/en\/wp-json\/wp\/v2\/product_tag?post=2176"}],"curies":[{"name":"wp","href":"https:\/\/api.w.org\/{rel}","templated":true}]}}