{"id":2987,"date":"2024-06-04T16:02:25","date_gmt":"2024-06-04T15:02:25","guid":{"rendered":"https:\/\/virnalingerie.pl\/?page_id=2987"},"modified":"2026-01-08T20:08:34","modified_gmt":"2026-01-08T19:08:34","slug":"tabela-rozmiarow","status":"publish","type":"page","link":"https:\/\/virnalingerie.pl\/en\/tabela-rozmiarow\/","title":{"rendered":"Size chart"},"content":{"rendered":"<h4 class=\"wp-block-heading has-text-align-left\">1. using the instructions, measure your body<\/h4>\n\n\n\n<div class=\"wp-block-columns is-layout-flex wp-container-core-columns-is-layout-28f84493 wp-block-columns-is-layout-flex\">\n<div class=\"wp-block-column is-layout-flow wp-block-column-is-layout-flow\">\n<figure class=\"wp-block-image size-large\"><img loading=\"lazy\" decoding=\"async\" width=\"767\" height=\"1024\" src=\"https:\/\/virnalingerie.pl\/wp-content\/uploads\/2025\/03\/Tableta-767x1024.png\" alt=\"\" class=\"wp-image-3941\" srcset=\"https:\/\/virnalingerie.pl\/wp-content\/uploads\/2025\/03\/Tableta-767x1024.png 767w, https:\/\/virnalingerie.pl\/wp-content\/uploads\/2025\/03\/Tableta-225x300.png 225w, https:\/\/virnalingerie.pl\/wp-content\/uploads\/2025\/03\/Tableta-768x1025.png 768w, https:\/\/virnalingerie.pl\/wp-content\/uploads\/2025\/03\/Tableta-9x12.png 9w, https:\/\/virnalingerie.pl\/wp-content\/uploads\/2025\/03\/Tableta-300x401.png 300w, https:\/\/virnalingerie.pl\/wp-content\/uploads\/2025\/03\/Tableta-600x801.png 600w, https:\/\/virnalingerie.pl\/wp-content\/uploads\/2025\/03\/Tableta.png 928w\" sizes=\"auto, (max-width: 767px) 100vw, 767px\" \/><\/figure>\n<\/div>\n<\/div>\n\n\n\n<h4 class=\"wp-block-heading has-text-align-center\">2. adjust the dimensions to this table, with larger dimensions than those given in the table, our seamstress will make lingerie according to the specifically given dimensions.<\/h4>\n\n\n\n<div class=\"wp-block-columns is-layout-flex wp-container-core-columns-is-layout-28f84493 wp-block-columns-is-layout-flex\">\n<div class=\"wp-block-column is-layout-flow wp-block-column-is-layout-flow\">\n<figure class=\"wp-block-image aligncenter size-full\"><img loading=\"lazy\" decoding=\"async\" width=\"589\" height=\"544\" src=\"https:\/\/virnalingerie.pl\/wp-content\/uploads\/2024\/10\/1245ty.jpg\" alt=\"\" class=\"wp-image-3375\" srcset=\"https:\/\/virnalingerie.pl\/wp-content\/uploads\/2024\/10\/1245ty.jpg 589w, https:\/\/virnalingerie.pl\/wp-content\/uploads\/2024\/10\/1245ty-300x277.jpg 300w, https:\/\/virnalingerie.pl\/wp-content\/uploads\/2024\/10\/1245ty-13x12.jpg 13w\" sizes=\"auto, (max-width: 589px) 100vw, 589px\" \/><\/figure>\n<\/div>\n<\/div>\n\n\n\n<h4 class=\"wp-block-heading has-text-align-center\">3. select the size on the product page or additionally provide specific dimensions.<\/h4>","protected":false},"excerpt":{"rendered":"<p>1. Korzystaj\u0105c z instrukcji zmierz swoje cia\u0142o 2. Dostosuj wymiary do tej tabeli, przy wi\u0119kszy wymiarach ni\u017c podane w tabeli nasza krawcowa wykona bielizn\u0119 wed\u0142ug konkretnie podanych wymiar\u00f3w. 3. Wybierz rozmiar na stronie produktu lub dodatkowo podaj konkretne wymiary.<\/p>","protected":false},"author":1,"featured_media":0,"parent":0,"menu_order":0,"comment_status":"closed","ping_status":"closed","template":"","meta":{"_acf_changed":false,"inline_featured_image":false,"site-sidebar-layout":"default","site-content-layout":"","ast-site-content-layout":"default","site-content-style":"default","site-sidebar-style":"default","ast-global-header-display":"","ast-banner-title-visibility":"","ast-main-header-display":"","ast-hfb-above-header-display":"","ast-hfb-below-header-display":"","ast-hfb-mobile-header-display":"","site-post-title":"","ast-breadcrumbs-content":"","ast-featured-img":"","footer-sml-layout":"","ast-disable-related-posts":"","theme-transparent-header-meta":"","adv-header-id-meta":"","stick-header-meta":"","header-above-stick-meta":"","header-main-stick-meta":"","header-below-stick-meta":"","astra-migrate-meta-layouts":"default","ast-page-background-enabled":"default","ast-page-background-meta":{"desktop":{"background-color":"var(--ast-global-color-4)","background-image":"","background-repeat":"repeat","background-position":"center center","background-size":"auto","background-attachment":"scroll","background-type":"","background-media":"","overlay-type":"","overlay-color":"","overlay-opacity":"","overlay-gradient":""},"tablet":{"background-color":"","background-image":"","background-repeat":"repeat","background-position":"center center","background-size":"auto","background-attachment":"scroll","background-type":"","background-media":"","overlay-type":"","overlay-color":"","overlay-opacity":"","overlay-gradient":""},"mobile":{"background-color":"","background-image":"","background-repeat":"repeat","background-position":"center center","background-size":"auto","background-attachment":"scroll","background-type":"","background-media":"","overlay-type":"","overlay-color":"","overlay-opacity":"","overlay-gradient":""}},"ast-content-background-meta":{"desktop":{"background-color":"var(--ast-global-color-5)","background-image":"","background-repeat":"repeat","background-position":"center center","background-size":"auto","background-attachment":"scroll","background-type":"","background-media":"","overlay-type":"","overlay-color":"","overlay-opacity":"","overlay-gradient":""},"tablet":{"background-color":"var(--ast-global-color-5)","background-image":"","background-repeat":"repeat","background-position":"center center","background-size":"auto","background-attachment":"scroll","background-type":"","background-media":"","overlay-type":"","overlay-color":"","overlay-opacity":"","overlay-gradient":""},"mobile":{"background-color":"var(--ast-global-color-5)","background-image":"","background-repeat":"repeat","background-position":"center center","background-size":"auto","background-attachment":"scroll","background-type":"","background-media":"","overlay-type":"","overlay-color":"","overlay-opacity":"","overlay-gradient":""}},"footnotes":""},"class_list":["post-2987","page","type-page","status-publish","hentry"],"acf":[],"_links":{"self":[{"href":"https:\/\/virnalingerie.pl\/en\/wp-json\/wp\/v2\/pages\/2987","targetHints":{"allow":["GET"]}}],"collection":[{"href":"https:\/\/virnalingerie.pl\/en\/wp-json\/wp\/v2\/pages"}],"about":[{"href":"https:\/\/virnalingerie.pl\/en\/wp-json\/wp\/v2\/types\/page"}],"author":[{"embeddable":true,"href":"https:\/\/virnalingerie.pl\/en\/wp-json\/wp\/v2\/users\/1"}],"replies":[{"embeddable":true,"href":"https:\/\/virnalingerie.pl\/en\/wp-json\/wp\/v2\/comments?post=2987"}],"version-history":[{"count":0,"href":"https:\/\/virnalingerie.pl\/en\/wp-json\/wp\/v2\/pages\/2987\/revisions"}],"wp:attachment":[{"href":"https:\/\/virnalingerie.pl\/en\/wp-json\/wp\/v2\/media?parent=2987"}],"curies":[{"name":"wp","href":"https:\/\/api.w.org\/{rel}","templated":true}]}}