{"id":4592,"date":"2026-01-07T18:17:20","date_gmt":"2026-01-07T17:17:20","guid":{"rendered":"https:\/\/virnalingerie.pl\/?post_type=product&#038;p=4592"},"modified":"2026-01-10T13:32:32","modified_gmt":"2026-01-10T12:32:32","slug":"biustonosz-majtki-holter-bra","status":"publish","type":"product","link":"https:\/\/virnalingerie.pl\/de\/sklep\/biustonosz-majtki-holter-bra\/","title":{"rendered":"Biustonosz &#038; majtki &#8222;Holter bra &#8222;"},"content":{"rendered":"","protected":false},"excerpt":{"rendered":"","protected":false},"featured_media":4565,"template":"","meta":{"_acf_changed":false,"inline_featured_image":false,"site-sidebar-layout":"default","site-content-layout":"","ast-site-content-layout":"default","site-content-style":"default","site-sidebar-style":"default","ast-global-header-display":"","ast-banner-title-visibility":"","ast-main-header-display":"","ast-hfb-above-header-display":"","ast-hfb-below-header-display":"","ast-hfb-mobile-header-display":"","site-post-title":"","ast-breadcrumbs-content":"","ast-featured-img":"","footer-sml-layout":"","ast-disable-related-posts":"","theme-transparent-header-meta":"default","adv-header-id-meta":"","stick-header-meta":"","header-above-stick-meta":"","header-main-stick-meta":"","header-below-stick-meta":"","astra-migrate-meta-layouts":"set","ast-page-background-enabled":"default","ast-page-background-meta":{"desktop":{"background-color":"var(--ast-global-color-4)","background-image":"","background-repeat":"repeat","background-position":"center center","background-size":"auto","background-attachment":"scroll","background-type":"","background-media":"","overlay-type":"","overlay-color":"","overlay-opacity":"","overlay-gradient":""},"tablet":{"background-color":"","background-image":"","background-repeat":"repeat","background-position":"center center","background-size":"auto","background-attachment":"scroll","background-type":"","background-media":"","overlay-type":"","overlay-color":"","overlay-opacity":"","overlay-gradient":""},"mobile":{"background-color":"","background-image":"","background-repeat":"repeat","background-position":"center center","background-size":"auto","background-attachment":"scroll","background-type":"","background-media":"","overlay-type":"","overlay-color":"","overlay-opacity":"","overlay-gradient":""}},"ast-content-background-meta":{"desktop":{"background-color":"var(--ast-global-color-5)","background-image":"","background-repeat":"repeat","background-position":"center center","background-size":"auto","background-attachment":"scroll","background-type":"","background-media":"","overlay-type":"","overlay-color":"","overlay-opacity":"","overlay-gradient":""},"tablet":{"background-color":"var(--ast-global-color-5)","background-image":"","background-repeat":"repeat","background-position":"center center","background-size":"auto","background-attachment":"scroll","background-type":"","background-media":"","overlay-type":"","overlay-color":"","overlay-opacity":"","overlay-gradient":""},"mobile":{"background-color":"var(--ast-global-color-5)","background-image":"","background-repeat":"repeat","background-position":"center center","background-size":"auto","background-attachment":"scroll","background-type":"","background-media":"","overlay-type":"","overlay-color":"","overlay-opacity":"","overlay-gradient":""}}},"product_brand":[],"product_cat":[17,79,58],"product_tag":[],"class_list":{"0":"post-4592","1":"product","2":"type-product","3":"status-publish","4":"has-post-thumbnail","6":"product_cat-biustonosz-majtki","7":"product_cat-komplet","8":"product_cat-nowosc","9":"pa_kolor-bialy","10":"pa_kolor-brazowy","11":"pa_kolor-czarny","12":"pa_kolor-czerwony","13":"pa_kolor-nude","14":"desktop-align-left","15":"tablet-align-left","16":"mobile-align-left","17":"wcpa_has_options","19":"first","20":"instock","21":"shipping-taxable","22":"purchasable","23":"product-type-variable"},"acf":[],"wcpa_form_fields":{"wcpaData":{"product":{"product_price":249,"price_html":"<span class=\"woocommerce-Price-amount amount\"><bdi>249,00&nbsp;<span class=\"woocommerce-Price-currencySymbol\">&#122;&#322;<\/span><\/bdi><\/span>","original_product_price":249,"price_including_tax":249,"price_excluding_tax":249,"product_id":{"parent":4592,"variation":false},"is_variable":true,"stock_status":"instock","stock_quantity":null,"parent_sku":"","product_attributes":{"pa_rodzaj-majtek-w-zestawie":{"is_variation":true,"values":[]},"pa_kolor":{"is_variation":false,"values":["brazowy","czarny","bialy","czerwony","nude"]},"pa_fabrics":{"is_variation":false,"values":["mesh_fabric"]}},"custom_fields":[],"is_taxable":false},"fields":{"sec_36571f2c68109e":{"extra":{"key":"sec_36571f2c68109e","section_id":"sec_36571f2c68109e","name":"Default","status":1,"cl_rule":"show","enableCl":false,"relations":[],"toggle":true,"title_tag":"h3","show_title":false,"showPrice":"default","form_id":1031,"form_rules":{"exclude_from_discount":false,"fee_label":"Op\u0142ata","disp_hide_options_price":false,"disp_show_section_price":false,"disp_show_field_price":true,"layout_option":"standard","pric_use_as_fee":false,"process_fee_as":"woo_fee"},"layout_option":"standard"},"fields":[[{"active":true,"col":6,"relations":[{"operator":false,"rules":[{"operator":"AND","rules":{"cl_field":"checkbox-group-5849136362","cl_relation":"is","cl_val":"Tak"}}]}],"cl_rule":"hide","enableCl":true,"price":"","enablePrice":false,"className":"basic_size_input","label_position":"default","desc_position":"default","type":"select","required":false,"elementId":"select_9665978521","label":"Rozmiar biustonosza","name":"select_9665978521","values":[{"label":"Wybierz rozmiar","value":"0","selected":false,"tempId":"aco_19","gt_translate_keys":["label"]},{"label":"65A","value":"65A","selected":false,"tempId":"aco_334","gt_translate_keys":["label"]},{"label":"65B","value":"65B","selected":false,"tempId":"aco_336","gt_translate_keys":["label"]},{"label":"65C","value":"65C","selected":false,"tempId":"aco_454","gt_translate_keys":["label"]},{"label":"65D","value":"65D","selected":false,"tempId":"aco_464","gt_translate_keys":["label"]},{"label":"65E","value":"65E","selected":false,"tempId":"aco_618","gt_translate_keys":["label"]},{"label":"65F","value":"65F","selected":false,"tempId":"aco_664","gt_translate_keys":["label"]},{"label":"65G","value":"65G","selected":false,"tempId":"aco_710","gt_translate_keys":["label"]},{"label":"70A","value":"70A","selected":false,"tempId":"aco_948","gt_translate_keys":["label"]},{"label":"70B","value":"70B","selected":false,"tempId":"aco_1012","gt_translate_keys":["label"]},{"label":"70C","value":"70C","selected":false,"tempId":"aco_1388","gt_translate_keys":["label"]},{"label":"70D","value":"70D","selected":false,"tempId":"aco_1434","gt_translate_keys":["label"]},{"label":"70E","value":"70E","selected":false,"tempId":"aco_1480","gt_translate_keys":["label"]},{"label":"70F","value":"70F","selected":false,"tempId":"aco_1526","gt_translate_keys":["label"]},{"label":"75A","value":"75A","selected":false,"tempId":"aco_1710","gt_translate_keys":["label"]},{"label":"75B","value":"75B","selected":false,"tempId":"aco_1765","gt_translate_keys":["label"]},{"label":"75C","value":"75C","selected":false,"tempId":"aco_1820","gt_translate_keys":["label"]},{"label":"75D","value":"75D","selected":false,"tempId":"aco_1866","gt_translate_keys":["label"]},{"label":"75E","value":"75E","selected":false,"tempId":"aco_1912","gt_translate_keys":["label"]},{"label":"80A","value":"80A","selected":false,"tempId":"aco_2096","gt_translate_keys":["label"]},{"label":"80B","value":"80B","selected":false,"tempId":"aco_2151","gt_translate_keys":["label"]},{"label":"80C","value":"80C","selected":false,"tempId":"aco_2197","gt_translate_keys":["label"]},{"label":"80D","value":"80D","selected":false,"tempId":"aco_2243","gt_translate_keys":["label"]},{"label":"85A","value":"85A","selected":false,"tempId":"aco_2427","gt_translate_keys":["label"]},{"label":"85B","value":"85B","selected":false,"tempId":"aco_2500","gt_translate_keys":["label"]},{"label":"85C","value":"85C","selected":false,"tempId":"aco_3033","gt_translate_keys":["label"]},{"label":"Poda\u0107 tylko wymiary","value":"Poda\u0107 tylko wymiary","selected":false,"tempId":"aco_1472","gt_translate_keys":["label"]},{"label":"65H","value":"65H","selected":false,"tempId":"aco_28","gt_translate_keys":["label"]},{"label":"65I","value":"65I","selected":false,"tempId":"aco_92","gt_translate_keys":["label"]},{"label":"65J","value":"65J","selected":false,"tempId":"aco_156","gt_translate_keys":["label"]},{"label":"70G","value":"70G","selected":false,"tempId":"aco_220","gt_translate_keys":["label"]},{"label":"70H","value":"70H","selected":false,"tempId":"aco_302","gt_translate_keys":["label"]},{"label":"70I","value":"70I","selected":false,"tempId":"aco_366","gt_translate_keys":["label"]},{"label":"75F","value":"75F","selected":false,"tempId":"aco_430","gt_translate_keys":["label"]},{"label":"75G","value":"75G","selected":false,"tempId":"aco_494","gt_translate_keys":["label"]},{"label":"75H","value":"75H","selected":false,"tempId":"aco_558","gt_translate_keys":["label"]},{"label":"80E","value":"80E","selected":false,"tempId":"aco_622","gt_translate_keys":["label"]},{"label":"80F","value":"80F","selected":false,"tempId":"aco_686","gt_translate_keys":["label"]},{"label":"80G","value":"80G","selected":false,"tempId":"aco_750","gt_translate_keys":["label"]},{"label":"85D","value":"85D","selected":false,"tempId":"aco_814","gt_translate_keys":["label"]},{"label":"85E","value":"85E","selected":false,"tempId":"aco_878","gt_translate_keys":["label"]},{"label":"85F","value":"85F","selected":false,"tempId":"aco_942","gt_translate_keys":["label"]}],"dropdown_type":"basic","error":false,"tooltip":"","gt_translate_keys":["label","tooltip"],"price_dependency":false,"cl_dependency":["text_0993534211","text-0293839326","text-1027042285","text-8305891049"],"value":""}],[{"label":"Rozmiar majtek","active":true,"required":false,"elementId":"select-3020608151","dropdown_type":"basic","name":"select-3020608151","label_position":"default","desc_position":"default","enablePrice":false,"className":"basic_size_input","enableCl":true,"relations":[{"operator":false,"rules":[{"operator":"AND","rules":{"cl_field":"checkbox-group-5849136362","cl_relation":"is","cl_val":"Tak","cl_field_sub":"pa_kolor"}}]}],"values":[{"label":"Wybierz rozmiar","value":"0","selected":false,"tempId":"aco_74","gt_translate_keys":["label"]},{"label":"XS","value":"XS","selected":false,"tempId":"aco_19","gt_translate_keys":["label"]},{"label":"S","value":"S","selected":false,"tempId":"aco_215","gt_translate_keys":["label"]},{"label":"M","value":"M","selected":false,"tempId":"aco_216","gt_translate_keys":["label"]},{"label":"L","value":"L","selected":false,"tempId":"aco_316","gt_translate_keys":["label"]},{"label":"XL","value":"XL","selected":false,"tempId":"aco_766","gt_translate_keys":["label"]},{"label":"Poda\u0107 tylko wymiary","value":"Poda\u0107 tylko wymiary","selected":false,"tempId":"aco_2050","gt_translate_keys":["label"]}],"price":"","cl_rule":"hide","col":6,"type":"select","error":false,"gt_translate_keys":["label"],"price_dependency":false,"cl_dependency":["text-1053320310","text-1055410327","text-3059062818"],"value":""}],[{"active":true,"col":6,"relations":[{"operator":false,"rules":[{"operator":"AND","rules":{"cl_field":"select_9665978521","cl_relation":"is_not_in","cl_val":["0"]}}]}],"cl_rule":"disable","enableCl":true,"price":"","enablePrice":false,"className":"individual_size_input","label_position":"default","desc_position":"default","type":"text","subtype":"text","required":true,"elementId":"text_0993534211","label":"Obw\u00f3d biustu","name":"text_0993534211","value":"","error":false,"repeater":false,"repeater_field_label":"{field_label}","repeater_bind":"","mapToCheckout":false,"gt_translate_keys":["label","value","repeater_field_label"],"price_dependency":false,"cl_dependency":false}],[{"label":"Obw\u00f3d pod biustem","active":true,"required":true,"elementId":"text-0293839326","value":"","name":"text-0293839326","label_position":"default","desc_position":"default","enablePrice":false,"className":"individual_size_input","enableCl":true,"relations":[{"operator":false,"rules":[{"operator":"AND","rules":{"cl_field":"select_9665978521","cl_relation":"is_not_in","cl_val":["0"]}}]}],"subtype":"text","price":"","cl_rule":"disable","col":6,"type":"text","error":false,"gt_translate_keys":["label","value"],"price_dependency":false,"cl_dependency":false}],[{"label":"\u0141uk piersi","active":true,"required":true,"elementId":"text-1027042285","value":"","name":"text-1027042285","label_position":"default","desc_position":"default","enablePrice":false,"className":"individual_size_input","enableCl":true,"relations":[{"operator":false,"rules":[{"operator":"AND","rules":{"cl_field":"select_9665978521","cl_relation":"is_not_in","cl_val":["0"]}}]}],"subtype":"text","price":"","cl_rule":"disable","col":6,"type":"text","error":false,"gt_translate_keys":["label","value"],"price_dependency":false,"cl_dependency":false}],[{"label":"Obw\u00f3d talii","active":true,"required":true,"elementId":"text-1053320310","value":"","name":"text-1053320310","label_position":"default","desc_position":"default","enablePrice":false,"className":"individual_size_input","enableCl":true,"relations":[{"operator":false,"rules":[{"operator":"AND","rules":{"cl_field":"select-3020608151","cl_relation":"is_not_in","cl_val":["0"]}}]}],"subtype":"text","price":"","cl_rule":"disable","col":6,"type":"text","error":false,"gt_translate_keys":["label","value"],"price_dependency":false,"cl_dependency":false}],[{"label":"Obw\u00f3d bioder","active":true,"required":true,"elementId":"text-1055410327","value":"","name":"text-1055410327","label_position":"default","desc_position":"default","enablePrice":false,"className":"individual_size_input","enableCl":true,"relations":[{"operator":false,"rules":[{"operator":"AND","rules":{"cl_field":"select-3020608151","cl_relation":"is_not_in","cl_val":["0"]}}]}],"subtype":"text","price":"","cl_rule":"disable","col":6,"type":"text","error":false,"gt_translate_keys":["label","value"],"price_dependency":false,"cl_dependency":false}],[{"label":"Dla lepszego dopasowania podaj rozmiar biustonosza kt\u00f3ry obecnie nosisz.","active":true,"required":true,"elementId":"text-8305891049","value":"","name":"text-8305891049","label_position":"default","desc_position":"default","enablePrice":false,"className":"individual_size_input","enableCl":true,"relations":[{"operator":false,"rules":[{"operator":"AND","rules":{"cl_field":"select_9665978521","cl_relation":"is_not_in","cl_val":"0"}}]}],"subtype":"text","price":"","cl_rule":"disable","col":6,"type":"text","error":false,"gt_translate_keys":["label","value"],"price_dependency":false,"cl_dependency":false}],[{"label":"Podaj rozmiar majtek kt\u00f3ry nosisz","active":true,"required":true,"elementId":"text-3059062818","value":"","name":"text-3059062818","label_position":"default","desc_position":"default","enablePrice":false,"className":"individual_size_input","enableCl":true,"relations":[{"operator":false,"rules":[{"operator":"AND","rules":{"cl_field":"select-3020608151","cl_relation":"is_not_in","cl_val":"0"}}]}],"subtype":"text","price":"","cl_rule":"disable","col":6,"type":"text","error":false,"gt_translate_keys":["label","value"],"price_dependency":false,"cl_dependency":false}]]}},"config":{"price_override":"","enable_recaptcha":false,"bind_quantity":false,"quantity_bind_formula":"","disp_summ_show_option_price":true,"disp_summ_show_product_price":true,"disp_summ_show_total_price":true,"disp_summ_show_fee":false,"disp_summ_show_discount":false,"summary_title":"","options_total_label":"Cena opcji","total_label":"\u0141\u0105cznie","options_product_label":"Cena produktu","fee_label":"Op\u0142ata","discount_label":"Zni\u017cka","has_price":true,"has_quantity_formula":false},"mc_unit":1,"tax_rate":1,"tax_rate_real":1,"discount":{"percentage":0,"fixed":0},"design":{"conf":{"LabelPosition":"above","DescPosition":"above","UploadField":"custom_1","QuantityFieldStyle":"default"},"css":{"LeftLabelWidth":"120px"}},"formulas":[],"clones":false,"cartKey":false}},"_links":{"self":[{"href":"https:\/\/virnalingerie.pl\/de\/wp-json\/wp\/v2\/product\/4592","targetHints":{"allow":["GET"]}}],"collection":[{"href":"https:\/\/virnalingerie.pl\/de\/wp-json\/wp\/v2\/product"}],"about":[{"href":"https:\/\/virnalingerie.pl\/de\/wp-json\/wp\/v2\/types\/product"}],"wp:featuredmedia":[{"embeddable":true,"href":"https:\/\/virnalingerie.pl\/de\/wp-json\/wp\/v2\/media\/4565"}],"wp:attachment":[{"href":"https:\/\/virnalingerie.pl\/de\/wp-json\/wp\/v2\/media?parent=4592"}],"wp:term":[{"taxonomy":"product_brand","embeddable":true,"href":"https:\/\/virnalingerie.pl\/de\/wp-json\/wp\/v2\/product_brand?post=4592"},{"taxonomy":"product_cat","embeddable":true,"href":"https:\/\/virnalingerie.pl\/de\/wp-json\/wp\/v2\/product_cat?post=4592"},{"taxonomy":"product_tag","embeddable":true,"href":"https:\/\/virnalingerie.pl\/de\/wp-json\/wp\/v2\/product_tag?post=4592"}],"curies":[{"name":"wp","href":"https:\/\/api.w.org\/{rel}","templated":true}]}}