{"id":1658,"date":"2023-12-22T14:24:07","date_gmt":"2023-12-22T13:24:07","guid":{"rendered":"https:\/\/virnalingerie.pl\/?post_type=product&#038;p=1658"},"modified":"2024-07-28T09:49:40","modified_gmt":"2024-07-28T08:49:40","slug":"gartery-nude","status":"publish","type":"product","link":"https:\/\/virnalingerie.pl\/de\/sklep\/gartery-nude\/","title":{"rendered":"Strumpfband \"Nackt\""},"content":{"rendered":"","protected":false},"excerpt":{"rendered":"<p class=\"opisy\">Wir fertigen das gesamte Sortiment in unserer N\u00e4herei in Krakau innerhalb von 7 Werktagen nach Eingang Ihrer Bestellung. Sie k\u00f6nnen sicher sein, dass die Unterw\u00e4sche speziell f\u00fcr Sie angefertigt wird, und Sie haben die M\u00f6glichkeit, Ihre K\u00f6rperparameter an unsere Tabelle anzupassen oder spezifische K\u00f6rperma\u00dfe anzugeben.<\/p>\n<p><img loading=\"lazy\" decoding=\"async\" class=\"alignnone wp-image-3113\" src=\"https:\/\/virnalingerie.pl\/wp-content\/uploads\/2023\/12\/11.png\" alt=\"\" width=\"30\" height=\"29\" srcset=\"https:\/\/virnalingerie.pl\/wp-content\/uploads\/2023\/12\/11.png 200w, https:\/\/virnalingerie.pl\/wp-content\/uploads\/2023\/12\/11-150x150.png 150w, https:\/\/virnalingerie.pl\/wp-content\/uploads\/2023\/12\/11-13x12.png 13w, https:\/\/virnalingerie.pl\/wp-content\/uploads\/2023\/12\/11-100x100.png 100w\" sizes=\"auto, (max-width: 30px) 100vw, 30px\" \/>\u00a0 \u00a0Handgefertigte Unterw\u00e4sche (bis zu 7 Arbeitstage)<\/p>\n<p><img loading=\"lazy\" decoding=\"async\" class=\"alignnone wp-image-3114\" src=\"https:\/\/virnalingerie.pl\/wp-content\/uploads\/2023\/12\/22.png\" alt=\"\" width=\"30\" height=\"28\" srcset=\"https:\/\/virnalingerie.pl\/wp-content\/uploads\/2023\/12\/22.png 200w, https:\/\/virnalingerie.pl\/wp-content\/uploads\/2023\/12\/22-13x12.png 13w\" sizes=\"auto, (max-width: 30px) 100vw, 30px\" \/>\u00a0 \u00a0Ma\u00dfgeschneidert f\u00fcr Ihren K\u00f6rper<\/p>\n<p><img loading=\"lazy\" decoding=\"async\" class=\"alignnone wp-image-3115\" src=\"https:\/\/virnalingerie.pl\/wp-content\/uploads\/2023\/12\/33.png\" alt=\"\" width=\"30\" height=\"33\" srcset=\"https:\/\/virnalingerie.pl\/wp-content\/uploads\/2023\/12\/33.png 200w, https:\/\/virnalingerie.pl\/wp-content\/uploads\/2023\/12\/33-11x12.png 11w\" sizes=\"auto, (max-width: 30px) 100vw, 30px\" \/>\u00a0 \u00a0Artikel nach Spezifikation hergestellt<\/p>\n<p><img loading=\"lazy\" decoding=\"async\" class=\"alignnone wp-image-3116\" src=\"https:\/\/virnalingerie.pl\/wp-content\/uploads\/2023\/12\/44.png\" alt=\"\" width=\"30\" height=\"30\" srcset=\"https:\/\/virnalingerie.pl\/wp-content\/uploads\/2023\/12\/44.png 200w, https:\/\/virnalingerie.pl\/wp-content\/uploads\/2023\/12\/44-150x150.png 150w, https:\/\/virnalingerie.pl\/wp-content\/uploads\/2023\/12\/44-12x12.png 12w, https:\/\/virnalingerie.pl\/wp-content\/uploads\/2023\/12\/44-100x100.png 100w\" sizes=\"auto, (max-width: 30px) 100vw, 30px\" \/>\u00a0 Garantie der Anpassung oder des Austauschs von Kleidungsst\u00fccken bei Nicht\u00fcbereinstimmung<\/p>","protected":false},"featured_media":2664,"template":"","meta":{"_acf_changed":false,"inline_featured_image":false,"site-sidebar-layout":"default","site-content-layout":"","ast-site-content-layout":"default","site-content-style":"default","site-sidebar-style":"default","ast-global-header-display":"","ast-banner-title-visibility":"","ast-main-header-display":"","ast-hfb-above-header-display":"","ast-hfb-below-header-display":"","ast-hfb-mobile-header-display":"","site-post-title":"","ast-breadcrumbs-content":"","ast-featured-img":"","footer-sml-layout":"","ast-disable-related-posts":"","theme-transparent-header-meta":"default","adv-header-id-meta":"","stick-header-meta":"","header-above-stick-meta":"","header-main-stick-meta":"","header-below-stick-meta":"","astra-migrate-meta-layouts":"set","ast-page-background-enabled":"default","ast-page-background-meta":{"desktop":{"background-color":"var(--ast-global-color-4)","background-image":"","background-repeat":"repeat","background-position":"center center","background-size":"auto","background-attachment":"scroll","background-type":"","background-media":"","overlay-type":"","overlay-color":"","overlay-opacity":"","overlay-gradient":""},"tablet":{"background-color":"","background-image":"","background-repeat":"repeat","background-position":"center center","background-size":"auto","background-attachment":"scroll","background-type":"","background-media":"","overlay-type":"","overlay-color":"","overlay-opacity":"","overlay-gradient":""},"mobile":{"background-color":"","background-image":"","background-repeat":"repeat","background-position":"center center","background-size":"auto","background-attachment":"scroll","background-type":"","background-media":"","overlay-type":"","overlay-color":"","overlay-opacity":"","overlay-gradient":""}},"ast-content-background-meta":{"desktop":{"background-color":"var(--ast-global-color-5)","background-image":"","background-repeat":"repeat","background-position":"center center","background-size":"auto","background-attachment":"scroll","background-type":"","background-media":"","overlay-type":"","overlay-color":"","overlay-opacity":"","overlay-gradient":""},"tablet":{"background-color":"var(--ast-global-color-5)","background-image":"","background-repeat":"repeat","background-position":"center center","background-size":"auto","background-attachment":"scroll","background-type":"","background-media":"","overlay-type":"","overlay-color":"","overlay-opacity":"","overlay-gradient":""},"mobile":{"background-color":"var(--ast-global-color-5)","background-image":"","background-repeat":"repeat","background-position":"center center","background-size":"auto","background-attachment":"scroll","background-type":"","background-media":"","overlay-type":"","overlay-color":"","overlay-opacity":"","overlay-gradient":""}}},"product_brand":[],"product_cat":[40],"product_tag":[],"class_list":{"0":"post-1658","1":"product","2":"type-product","3":"status-publish","4":"has-post-thumbnail","6":"product_cat-akcesoria","7":"desktop-align-left","8":"tablet-align-left","9":"mobile-align-left","11":"first","12":"instock","13":"shipping-taxable","14":"purchasable","15":"product-type-variable"},"acf":[],"wcpa_form_fields":null,"_links":{"self":[{"href":"https:\/\/virnalingerie.pl\/de\/wp-json\/wp\/v2\/product\/1658","targetHints":{"allow":["GET"]}}],"collection":[{"href":"https:\/\/virnalingerie.pl\/de\/wp-json\/wp\/v2\/product"}],"about":[{"href":"https:\/\/virnalingerie.pl\/de\/wp-json\/wp\/v2\/types\/product"}],"wp:featuredmedia":[{"embeddable":true,"href":"https:\/\/virnalingerie.pl\/de\/wp-json\/wp\/v2\/media\/2664"}],"wp:attachment":[{"href":"https:\/\/virnalingerie.pl\/de\/wp-json\/wp\/v2\/media?parent=1658"}],"wp:term":[{"taxonomy":"product_brand","embeddable":true,"href":"https:\/\/virnalingerie.pl\/de\/wp-json\/wp\/v2\/product_brand?post=1658"},{"taxonomy":"product_cat","embeddable":true,"href":"https:\/\/virnalingerie.pl\/de\/wp-json\/wp\/v2\/product_cat?post=1658"},{"taxonomy":"product_tag","embeddable":true,"href":"https:\/\/virnalingerie.pl\/de\/wp-json\/wp\/v2\/product_tag?post=1658"}],"curies":[{"name":"wp","href":"https:\/\/api.w.org\/{rel}","templated":true}]}}